{"id":1003,"date":"2024-11-27T15:55:31","date_gmt":"2024-11-27T08:55:31","guid":{"rendered":"https:\/\/exploringvn.com\/?page_id=1003"},"modified":"2025-08-28T13:09:53","modified_gmt":"2025-08-28T06:09:53","slug":"chinh-sach-bao-mat-2","status":"publish","type":"page","link":"https:\/\/exploringvn.com\/vi\/chinh-sach-bao-mat-2\/","title":{"rendered":"Ch\u00ednh s\u00e1ch b\u1ea3o m\u1eadt"},"content":{"rendered":"<p><strong>Ch\u00ednh s\u00e1ch B\u1ea3o m\u1eadt Th\u00f4ng tin Kh\u00e1ch h\u00e0ng<\/strong><\/p>\n<p>\u0110\u1ea1i l\u00fd l\u1eef h\u00e0nh LARRY LDP TRAVEL cam k\u1ebft b\u1ea3o m\u1eadt v\u00e0 b\u1ea3o v\u1ec7 th\u00f4ng tin c\u00e1 nh\u00e2n c\u1ee7a kh\u00e1ch h\u00e0ng, \u0111\u1ed3ng th\u1eddi tu\u00e2n th\u1ee7 c\u00e1c quy \u0111\u1ecbnh ph\u00e1p l\u00fd v\u1ec1 b\u1ea3o m\u1eadt th\u00f4ng tin. Ch\u00ednh s\u00e1ch n\u00e0y nh\u1eb1m gi\u00fap kh\u00e1ch h\u00e0ng hi\u1ec3u r\u00f5 c\u00e1ch ch\u00fang t\u00f4i thu th\u1eadp, s\u1eed d\u1ee5ng v\u00e0 b\u1ea3o v\u1ec7 th\u00f4ng tin c\u1ee7a m\u00ecnh.<\/p>\n<ol>\n<li><strong> Thu th\u1eadp Th\u00f4ng tin C\u00e1 nh\u00e2n<\/strong><\/li>\n<\/ol>\n<ul>\n<li><strong>Th\u00f4ng tin c\u00e1 nh\u00e2n thu th\u1eadp<\/strong>: Khi kh\u00e1ch h\u00e0ng \u0111\u1eb7t tour ho\u1eb7c g\u1eedi y\u00eau c\u1ea7u tr\u00ean website, \u0110\u1ea1i l\u00fd l\u1eef h\u00e0nh LARRY LDP TRAVEL c\u00f3 th\u1ec3 y\u00eau c\u1ea7u c\u00e1c th\u00f4ng tin bao g\u1ed3m:\n<ul>\n<li>H\u1ecd v\u00e0 t\u00ean<\/li>\n<li>\u0110\u1ecba ch\u1ec9 email<\/li>\n<li>S\u1ed1 \u0111i\u1ec7n tho\u1ea1i<\/li>\n<li>\u0110\u1ecba ch\u1ec9 li\u00ean l\u1ea1c<\/li>\n<li>C\u00e1c y\u00eau c\u1ea7u \u0111\u1eb7c bi\u1ec7t li\u00ean quan \u0111\u1ebfn d\u1ecbch v\u1ee5<\/li>\n<\/ul>\n<\/li>\n<li><strong>Ngu\u1ed3n th\u00f4ng tin thu th\u1eadp<\/strong>: Ch\u00fang t\u00f4i ch\u1ec9 thu th\u1eadp th\u00f4ng tin t\u1eeb kh\u00e1ch h\u00e0ng qua c\u00e1c bi\u1ec3u m\u1eabu, giao d\u1ecbch v\u00e0 c\u00e1c li\u00ean h\u1ec7 tr\u1ef1c ti\u1ebfp do kh\u00e1ch h\u00e0ng cung c\u1ea5p. \u0110\u1ea1i l\u00fd l\u1eef h\u00e0nh LARRY LDP TRAVEL kh\u00f4ng thu th\u1eadp th\u00f4ng tin c\u00e1 nh\u00e2n t\u1eeb b\u00ean th\u1ee9 ba m\u00e0 kh\u00f4ng c\u00f3 s\u1ef1 \u0111\u1ed3ng \u00fd t\u1eeb kh\u00e1ch h\u00e0ng.<\/li>\n<\/ul>\n<ol start=\"2\">\n<li><strong> M\u1ee5c \u0111\u00edch S\u1eed d\u1ee5ng Th\u00f4ng tin C\u00e1 nh\u00e2n<\/strong><\/li>\n<\/ol>\n<p>Th\u00f4ng tin c\u00e1 nh\u00e2n c\u1ee7a kh\u00e1ch h\u00e0ng \u0111\u01b0\u1ee3c s\u1eed d\u1ee5ng v\u00e0o c\u00e1c m\u1ee5c \u0111\u00edch sau:<\/p>\n<ul>\n<li><strong>Cung c\u1ea5p d\u1ecbch v\u1ee5<\/strong>: \u0110\u1ea3m b\u1ea3o th\u1ef1c hi\u1ec7n c\u00e1c giao d\u1ecbch v\u00e0 d\u1ecbch v\u1ee5 \u0111\u1eb7t tour, x\u00e1c nh\u1eadn th\u00f4ng tin v\u00e0 c\u00e1c y\u00eau c\u1ea7u \u0111\u1eb7c bi\u1ec7t c\u1ee7a kh\u00e1ch h\u00e0ng.<\/li>\n<li><strong>H\u1ed7 tr\u1ee3 kh\u00e1ch h\u00e0ng<\/strong>: Li\u00ean l\u1ea1c v\u1edbi kh\u00e1ch h\u00e0ng trong tr\u01b0\u1eddng h\u1ee3p c\u1ea7n x\u00e1c nh\u1eadn, gi\u1ea3i \u0111\u00e1p th\u1eafc m\u1eafc ho\u1eb7c h\u1ed7 tr\u1ee3 khi x\u1ea3y ra s\u1ef1 c\u1ed1.<\/li>\n<li><strong>N\u00e2ng cao d\u1ecbch v\u1ee5<\/strong>: Ph\u00e2n t\u00edch th\u00f4ng tin nh\u1eb1m c\u1ea3i thi\u1ec7n s\u1ea3n ph\u1ea9m, d\u1ecbch v\u1ee5, v\u00e0 tr\u1ea3i nghi\u1ec7m ng\u01b0\u1eddi d\u00f9ng tr\u00ean website c\u1ee7a \u0110\u1ea1i l\u00fd l\u1eef h\u00e0nh LARRY LDP TRAVEL.<\/li>\n<li><strong>G\u1eedi th\u00f4ng b\u00e1o v\u00e0 ch\u01b0\u01a1ng tr\u00ecnh khuy\u1ebfn m\u00e3i<\/strong>: Khi \u0111\u01b0\u1ee3c s\u1ef1 \u0111\u1ed3ng \u00fd c\u1ee7a kh\u00e1ch h\u00e0ng, ch\u00fang t\u00f4i c\u00f3 th\u1ec3 g\u1eedi th\u00f4ng tin v\u1ec1 c\u00e1c ch\u01b0\u01a1ng tr\u00ecnh khuy\u1ebfn m\u00e3i, tour m\u1edbi ho\u1eb7c \u01b0u \u0111\u00e3i \u0111\u1eb7c bi\u1ec7t.<\/li>\n<\/ul>\n<ol start=\"3\">\n<li><strong> B\u1ea3o m\u1eadt Th\u00f4ng tin<\/strong><\/li>\n<\/ol>\n<p>\u0110\u1ea1i l\u00fd l\u1eef h\u00e0nh LARRY LDP TRAVEL cam k\u1ebft \u00e1p d\u1ee5ng c\u00e1c bi\u1ec7n ph\u00e1p k\u1ef9 thu\u1eadt v\u00e0 qu\u1ea3n l\u00fd \u0111\u1ec3 b\u1ea3o m\u1eadt th\u00f4ng tin kh\u00e1ch h\u00e0ng:<\/p>\n<ul>\n<li><strong>M\u00e3 h\u00f3a v\u00e0 b\u1ea3o m\u1eadt d\u1eef li\u1ec7u<\/strong>: T\u1ea5t c\u1ea3 th\u00f4ng tin c\u00e1 nh\u00e2n \u0111\u01b0\u1ee3c truy\u1ec1n t\u1ea3i tr\u00ean website \u0111\u1ec1u \u0111\u01b0\u1ee3c m\u00e3 h\u00f3a b\u1eb1ng c\u00f4ng ngh\u1ec7 b\u1ea3o m\u1eadt (TSL) nh\u1eb1m ng\u0103n ch\u1eb7n truy c\u1eadp tr\u00e1i ph\u00e9p.<\/li>\n<li><strong>H\u1ea1n ch\u1ebf truy c\u1eadp<\/strong>: Ch\u1ec9 nh\u1eefng nh\u00e2n vi\u00ean c\u00f3 nhi\u1ec7m v\u1ee5 v\u00e0 quy\u1ec1n h\u1ea1n c\u1ee5 th\u1ec3 m\u1edbi \u0111\u01b0\u1ee3c ph\u00e9p truy c\u1eadp th\u00f4ng tin c\u00e1 nh\u00e2n c\u1ee7a kh\u00e1ch h\u00e0ng.<\/li>\n<li><strong>L\u01b0u tr\u1eef v\u00e0 b\u1ea3o v\u1ec7 d\u1eef li\u1ec7u<\/strong>: Th\u00f4ng tin c\u00e1 nh\u00e2n s\u1ebd \u0111\u01b0\u1ee3c l\u01b0u tr\u1eef an to\u00e0n v\u00e0 ch\u1ec9 gi\u1eef l\u1ea1i trong kho\u1ea3ng th\u1eddi gian c\u1ea7n thi\u1ebft \u0111\u1ec3 ph\u1ee5c v\u1ee5 m\u1ee5c \u0111\u00edch kinh doanh v\u00e0 ph\u00e1p l\u00fd, sau \u0111\u00f3 s\u1ebd \u0111\u01b0\u1ee3c x\u00f3a ho\u1eb7c \u1ea9n danh.<\/li>\n<\/ul>\n<ol start=\"4\">\n<li><strong> Quy\u1ec1n L\u1ee3i c\u1ee7a Kh\u00e1ch H\u00e0ng v\u1ec1 Th\u00f4ng tin C\u00e1 nh\u00e2n<\/strong><\/li>\n<\/ol>\n<p>Kh\u00e1ch h\u00e0ng c\u00f3 c\u00e1c quy\u1ec1n sau \u0111\u00e2y \u0111\u1ed1i v\u1edbi th\u00f4ng tin c\u00e1 nh\u00e2n c\u1ee7a m\u00ecnh:<\/p>\n<ul>\n<li><strong>Y\u00eau c\u1ea7u x\u00f3a ho\u1eb7c h\u1ea1n ch\u1ebf s\u1eed d\u1ee5ng th\u00f4ng tin<\/strong>: Kh\u00e1ch h\u00e0ng c\u00f3 th\u1ec3 y\u00eau c\u1ea7u x\u00f3a ho\u1eb7c h\u1ea1n ch\u1ebf s\u1eed d\u1ee5ng th\u00f4ng tin c\u00e1 nh\u00e2n c\u1ee7a m\u00ecnh trong tr\u01b0\u1eddng h\u1ee3p kh\u00f4ng c\u00f2n nhu c\u1ea7u s\u1eed d\u1ee5ng d\u1ecbch v\u1ee5 ho\u1eb7c mu\u1ed1n r\u00fat l\u1ea1i s\u1ef1 \u0111\u1ed3ng \u00fd \u0111\u00e3 cung c\u1ea5p.<\/li>\n<li><strong>T\u1eeb ch\u1ed1i nh\u1eadn th\u00f4ng tin qu\u1ea3ng c\u00e1o<\/strong>: Kh\u00e1ch h\u00e0ng c\u00f3 th\u1ec3 t\u1eeb ch\u1ed1i nh\u1eadn c\u00e1c th\u00f4ng tin qu\u1ea3ng c\u00e1o, ch\u01b0\u01a1ng tr\u00ecnh khuy\u1ebfn m\u00e3i t\u1eeb \u0110\u1ea1i l\u00fd l\u1eef h\u00e0nh LARRY LDP TRAVEL, li\u00ean h\u1ec7 v\u1edbi ch\u00fang t\u00f4i \u0111\u1ec3 \u0111\u01b0\u1ee3c h\u1ed7 tr\u1ee3.<\/li>\n<\/ul>\n<ol start=\"5\">\n<li><strong> Chia s\u1ebb Th\u00f4ng tin C\u00e1 nh\u00e2n v\u1edbi B\u00ean Th\u1ee9 Ba<\/strong><\/li>\n<\/ol>\n<p>\u0110\u1ea1i l\u00fd l\u1eef h\u00e0nh LARRY LDP TRAVEL cam k\u1ebft kh\u00f4ng b\u00e1n, trao \u0111\u1ed5i ho\u1eb7c chia s\u1ebb th\u00f4ng tin c\u00e1 nh\u00e2n c\u1ee7a kh\u00e1ch h\u00e0ng v\u1edbi b\u1ea5t k\u1ef3 b\u00ean th\u1ee9 ba n\u00e0o v\u00ec m\u1ee5c \u0111\u00edch th\u01b0\u01a1ng m\u1ea1i m\u00e0 kh\u00f4ng c\u00f3 s\u1ef1 \u0111\u1ed3ng \u00fd c\u1ee7a kh\u00e1ch h\u00e0ng, ngo\u1ea1i tr\u1eeb c\u00e1c tr\u01b0\u1eddng h\u1ee3p sau:<\/p>\n<ul>\n<li><strong>\u0110\u1ed1i t\u00e1c cung c\u1ea5p d\u1ecbch v\u1ee5<\/strong>: Trong m\u1ed9t s\u1ed1 tr\u01b0\u1eddng h\u1ee3p, ch\u00fang t\u00f4i c\u00f3 th\u1ec3 chia s\u1ebb th\u00f4ng tin v\u1edbi c\u00e1c \u0111\u1ed1i t\u00e1c tin c\u1eady, bao g\u1ed3m c\u00e1c nh\u00e0 cung c\u1ea5p d\u1ecbch v\u1ee5 du l\u1ecbch, v\u1eadn chuy\u1ec3n, kh\u00e1ch s\u1ea1n, v\u1edbi \u0111i\u1ec1u ki\u1ec7n h\u1ecd cam k\u1ebft b\u1ea3o m\u1eadt v\u00e0 ch\u1ec9 s\u1eed d\u1ee5ng th\u00f4ng tin \u0111\u1ec3 ph\u1ee5c v\u1ee5 kh\u00e1ch h\u00e0ng c\u1ee7a \u0110\u1ea1i l\u00fd l\u1eef h\u00e0nh LARRY LDP TRAVEL.<\/li>\n<li><strong>Y\u00eau c\u1ea7u ph\u00e1p l\u00fd<\/strong>: \u0110\u1ea1i l\u00fd l\u1eef h\u00e0nh LARRY LDP TRAVEL c\u00f3 th\u1ec3 ti\u1ebft l\u1ed9 th\u00f4ng tin c\u00e1 nh\u00e2n c\u1ee7a kh\u00e1ch h\u00e0ng n\u1ebfu c\u00f3 y\u00eau c\u1ea7u t\u1eeb c\u00e1c c\u01a1 quan ch\u1ee9c n\u0103ng, ho\u1eb7c trong c\u00e1c tr\u01b0\u1eddng h\u1ee3p \u0111\u01b0\u1ee3c quy \u0111\u1ecbnh b\u1edfi lu\u1eadt ph\u00e1p.<\/li>\n<\/ul>\n<ol start=\"6\">\n<li><strong> Thay \u0111\u1ed5i Ch\u00ednh s\u00e1ch B\u1ea3o m\u1eadt<\/strong><\/li>\n<\/ol>\n<p>\u0110\u1ea1i l\u00fd l\u1eef h\u00e0nh LARRY LDP TRAVEL c\u00f3 quy\u1ec1n c\u1eadp nh\u1eadt v\u00e0 thay \u0111\u1ed5i ch\u00ednh s\u00e1ch b\u1ea3o m\u1eadt n\u00e0y khi c\u1ea7n thi\u1ebft \u0111\u1ec3 ph\u00f9 h\u1ee3p v\u1edbi c\u00e1c y\u00eau c\u1ea7u ph\u00e1p l\u00fd v\u00e0 b\u1ea3o m\u1eadt. M\u1ecdi thay \u0111\u1ed5i s\u1ebd \u0111\u01b0\u1ee3c c\u00f4ng b\u1ed1 tr\u00ean website, v\u00e0 ch\u00fang t\u00f4i khuy\u1ebfn kh\u00edch kh\u00e1ch h\u00e0ng ki\u1ec3m tra ch\u00ednh s\u00e1ch \u0111\u1ecbnh k\u1ef3 \u0111\u1ec3 n\u1eafm r\u00f5 th\u00f4ng tin m\u1edbi nh\u1ea5t.<\/p>\n<ol start=\"7\">\n<li><strong> Li\u00ean h\u1ec7 H\u1ed7 tr\u1ee3<\/strong><\/li>\n<\/ol>\n<p>N\u1ebfu c\u00f3 b\u1ea5t k\u1ef3 c\u00e2u h\u1ecfi ho\u1eb7c y\u00eau c\u1ea7u li\u00ean quan \u0111\u1ebfn ch\u00ednh s\u00e1ch b\u1ea3o m\u1eadt, kh\u00e1ch h\u00e0ng vui l\u00f2ng li\u00ean h\u1ec7 v\u1edbi ch\u00fang t\u00f4i qua:<\/p>\n<ul>\n<li><strong>Email<\/strong>: phuquocexcursion@gmail.com<\/li>\n<li><strong>Hotline<\/strong>: +84 946 083 505<\/li>\n<\/ul>\n<p>\u0110\u1ea1i l\u00fd l\u1eef h\u00e0nh LARRY LDP TRAVEL cam k\u1ebft lu\u00f4n b\u1ea3o v\u1ec7 quy\u1ec1n l\u1ee3i v\u00e0 quy\u1ec1n ri\u00eang t\u01b0 c\u1ee7a kh\u00e1ch h\u00e0ng, \u0111\u1ed3ng th\u1eddi kh\u00f4ng ng\u1eebng n\u00e2ng cao ti\u00eau chu\u1ea9n b\u1ea3o m\u1eadt \u0111\u1ec3 kh\u00e1ch h\u00e0ng y\u00ean t\u00e2m tr\u1ea3i nghi\u1ec7m d\u1ecbch v\u1ee5.<\/p>\n<p>&nbsp;<\/p>\n","protected":false},"excerpt":{"rendered":"<p>Ch\u00ednh s\u00e1ch B\u1ea3o m\u1eadt Th\u00f4ng tin Kh\u00e1ch h\u00e0ng \u0110\u1ea1i l\u00fd l\u1eef h\u00e0nh LARRY LDP TRAVEL cam k\u1ebft b\u1ea3o m\u1eadt v\u00e0 b\u1ea3o v\u1ec7 th\u00f4ng tin c\u00e1 nh\u00e2n c\u1ee7a kh\u00e1ch h\u00e0ng, \u0111\u1ed3ng th\u1eddi tu\u00e2n th\u1ee7 c\u00e1c quy \u0111\u1ecbnh ph\u00e1p l\u00fd v\u1ec1 b\u1ea3o m\u1eadt th\u00f4ng tin. Ch\u00ednh s\u00e1ch n\u00e0y nh\u1eb1m gi\u00fap kh\u00e1ch h\u00e0ng hi\u1ec3u r\u00f5 c\u00e1ch ch\u00fang t\u00f4i [&hellip;]<\/p>\n","protected":false},"author":1,"featured_media":0,"parent":0,"menu_order":0,"comment_status":"closed","ping_status":"closed","template":"","meta":{"footnotes":""},"class_list":["post-1003","page","type-page","status-publish","hentry"],"acf":[],"yoast_head":"<!-- This site is optimized with the Yoast SEO plugin v23.9 - https:\/\/yoast.com\/wordpress\/plugins\/seo\/ -->\n<title>Ch\u00ednh s\u00e1ch b\u1ea3o m\u1eadt - Exploring vietnam<\/title>\n<meta name=\"robots\" content=\"index, follow, max-snippet:-1, max-image-preview:large, max-video-preview:-1\" \/>\n<link rel=\"canonical\" href=\"https:\/\/exploringvn.com\/vi\/chinh-sach-bao-mat-2\/\" \/>\n<meta property=\"og:locale\" content=\"vi_VN\" \/>\n<meta property=\"og:type\" content=\"article\" \/>\n<meta property=\"og:title\" content=\"Ch\u00ednh s\u00e1ch b\u1ea3o m\u1eadt - Exploring vietnam\" \/>\n<meta property=\"og:description\" content=\"Ch\u00ednh s\u00e1ch B\u1ea3o m\u1eadt Th\u00f4ng tin Kh\u00e1ch h\u00e0ng \u0110\u1ea1i l\u00fd l\u1eef h\u00e0nh LARRY LDP TRAVEL cam k\u1ebft b\u1ea3o m\u1eadt v\u00e0 b\u1ea3o v\u1ec7 th\u00f4ng tin c\u00e1 nh\u00e2n c\u1ee7a kh\u00e1ch h\u00e0ng, \u0111\u1ed3ng th\u1eddi tu\u00e2n th\u1ee7 c\u00e1c quy \u0111\u1ecbnh ph\u00e1p l\u00fd v\u1ec1 b\u1ea3o m\u1eadt th\u00f4ng tin. Ch\u00ednh s\u00e1ch n\u00e0y nh\u1eb1m gi\u00fap kh\u00e1ch h\u00e0ng hi\u1ec3u r\u00f5 c\u00e1ch ch\u00fang t\u00f4i [&hellip;]\" \/>\n<meta property=\"og:url\" content=\"https:\/\/exploringvn.com\/vi\/chinh-sach-bao-mat-2\/\" \/>\n<meta property=\"og:site_name\" content=\"Exploring vietnam\" \/>\n<meta property=\"article:modified_time\" content=\"2025-08-28T06:09:53+00:00\" \/>\n<meta name=\"twitter:card\" content=\"summary_large_image\" \/>\n<meta name=\"twitter:label1\" content=\"Est. reading time\" \/>\n\t<meta name=\"twitter:data1\" content=\"4 minutes\" \/>\n<script type=\"application\/ld+json\" class=\"yoast-schema-graph\">{\"@context\":\"https:\/\/schema.org\",\"@graph\":[{\"@type\":\"WebPage\",\"@id\":\"https:\/\/exploringvn.com\/vi\/chinh-sach-bao-mat-2\/\",\"url\":\"https:\/\/exploringvn.com\/vi\/chinh-sach-bao-mat-2\/\",\"name\":\"Ch\u00ednh s\u00e1ch b\u1ea3o m\u1eadt - Exploring vietnam\",\"isPartOf\":{\"@id\":\"https:\/\/exploringvn.com\/#website\"},\"datePublished\":\"2024-11-27T08:55:31+00:00\",\"dateModified\":\"2025-08-28T06:09:53+00:00\",\"breadcrumb\":{\"@id\":\"https:\/\/exploringvn.com\/vi\/chinh-sach-bao-mat-2\/#breadcrumb\"},\"inLanguage\":\"vi-VN\",\"potentialAction\":[{\"@type\":\"ReadAction\",\"target\":[\"https:\/\/exploringvn.com\/vi\/chinh-sach-bao-mat-2\/\"]}]},{\"@type\":\"BreadcrumbList\",\"@id\":\"https:\/\/exploringvn.com\/vi\/chinh-sach-bao-mat-2\/#breadcrumb\",\"itemListElement\":[{\"@type\":\"ListItem\",\"position\":1,\"name\":\"Home\",\"item\":\"https:\/\/exploringvn.com\/vi\/\"},{\"@type\":\"ListItem\",\"position\":2,\"name\":\"Ch\u00ednh s\u00e1ch b\u1ea3o m\u1eadt\"}]},{\"@type\":\"WebSite\",\"@id\":\"https:\/\/exploringvn.com\/#website\",\"url\":\"https:\/\/exploringvn.com\/\",\"name\":\"Exploring vietnam\",\"description\":\"\",\"publisher\":{\"@id\":\"https:\/\/exploringvn.com\/#organization\"},\"potentialAction\":[{\"@type\":\"SearchAction\",\"target\":{\"@type\":\"EntryPoint\",\"urlTemplate\":\"https:\/\/exploringvn.com\/?s={search_term_string}\"},\"query-input\":{\"@type\":\"PropertyValueSpecification\",\"valueRequired\":true,\"valueName\":\"search_term_string\"}}],\"inLanguage\":\"vi-VN\"},{\"@type\":\"Organization\",\"@id\":\"https:\/\/exploringvn.com\/#organization\",\"name\":\"Exploring vietnam\",\"url\":\"https:\/\/exploringvn.com\/\",\"logo\":{\"@type\":\"ImageObject\",\"inLanguage\":\"vi-VN\",\"@id\":\"https:\/\/exploringvn.com\/#\/schema\/logo\/image\/\",\"url\":\"https:\/\/exploringvn.com\/wp-content\/uploads\/2024\/12\/z6106045117260_813bf0c8de20948a960521b45ac4f29c.jpg\",\"contentUrl\":\"https:\/\/exploringvn.com\/wp-content\/uploads\/2024\/12\/z6106045117260_813bf0c8de20948a960521b45ac4f29c.jpg\",\"width\":367,\"height\":228,\"caption\":\"Exploring vietnam\"},\"image\":{\"@id\":\"https:\/\/exploringvn.com\/#\/schema\/logo\/image\/\"}}]}<\/script>\n<!-- \/ Yoast SEO plugin. -->","yoast_head_json":{"title":"Ch\u00ednh s\u00e1ch b\u1ea3o m\u1eadt - Exploring vietnam","robots":{"index":"index","follow":"follow","max-snippet":"max-snippet:-1","max-image-preview":"max-image-preview:large","max-video-preview":"max-video-preview:-1"},"canonical":"https:\/\/exploringvn.com\/vi\/chinh-sach-bao-mat-2\/","og_locale":"vi_VN","og_type":"article","og_title":"Ch\u00ednh s\u00e1ch b\u1ea3o m\u1eadt - Exploring vietnam","og_description":"Ch\u00ednh s\u00e1ch B\u1ea3o m\u1eadt Th\u00f4ng tin Kh\u00e1ch h\u00e0ng \u0110\u1ea1i l\u00fd l\u1eef h\u00e0nh LARRY LDP TRAVEL cam k\u1ebft b\u1ea3o m\u1eadt v\u00e0 b\u1ea3o v\u1ec7 th\u00f4ng tin c\u00e1 nh\u00e2n c\u1ee7a kh\u00e1ch h\u00e0ng, \u0111\u1ed3ng th\u1eddi tu\u00e2n th\u1ee7 c\u00e1c quy \u0111\u1ecbnh ph\u00e1p l\u00fd v\u1ec1 b\u1ea3o m\u1eadt th\u00f4ng tin. Ch\u00ednh s\u00e1ch n\u00e0y nh\u1eb1m gi\u00fap kh\u00e1ch h\u00e0ng hi\u1ec3u r\u00f5 c\u00e1ch ch\u00fang t\u00f4i [&hellip;]","og_url":"https:\/\/exploringvn.com\/vi\/chinh-sach-bao-mat-2\/","og_site_name":"Exploring vietnam","article_modified_time":"2025-08-28T06:09:53+00:00","twitter_card":"summary_large_image","twitter_misc":{"Est. reading time":"4 minutes"},"schema":{"@context":"https:\/\/schema.org","@graph":[{"@type":"WebPage","@id":"https:\/\/exploringvn.com\/vi\/chinh-sach-bao-mat-2\/","url":"https:\/\/exploringvn.com\/vi\/chinh-sach-bao-mat-2\/","name":"Ch\u00ednh s\u00e1ch b\u1ea3o m\u1eadt - Exploring vietnam","isPartOf":{"@id":"https:\/\/exploringvn.com\/#website"},"datePublished":"2024-11-27T08:55:31+00:00","dateModified":"2025-08-28T06:09:53+00:00","breadcrumb":{"@id":"https:\/\/exploringvn.com\/vi\/chinh-sach-bao-mat-2\/#breadcrumb"},"inLanguage":"vi-VN","potentialAction":[{"@type":"ReadAction","target":["https:\/\/exploringvn.com\/vi\/chinh-sach-bao-mat-2\/"]}]},{"@type":"BreadcrumbList","@id":"https:\/\/exploringvn.com\/vi\/chinh-sach-bao-mat-2\/#breadcrumb","itemListElement":[{"@type":"ListItem","position":1,"name":"Home","item":"https:\/\/exploringvn.com\/vi\/"},{"@type":"ListItem","position":2,"name":"Ch\u00ednh s\u00e1ch b\u1ea3o m\u1eadt"}]},{"@type":"WebSite","@id":"https:\/\/exploringvn.com\/#website","url":"https:\/\/exploringvn.com\/","name":"Exploring vietnam","description":"","publisher":{"@id":"https:\/\/exploringvn.com\/#organization"},"potentialAction":[{"@type":"SearchAction","target":{"@type":"EntryPoint","urlTemplate":"https:\/\/exploringvn.com\/?s={search_term_string}"},"query-input":{"@type":"PropertyValueSpecification","valueRequired":true,"valueName":"search_term_string"}}],"inLanguage":"vi-VN"},{"@type":"Organization","@id":"https:\/\/exploringvn.com\/#organization","name":"Exploring vietnam","url":"https:\/\/exploringvn.com\/","logo":{"@type":"ImageObject","inLanguage":"vi-VN","@id":"https:\/\/exploringvn.com\/#\/schema\/logo\/image\/","url":"https:\/\/exploringvn.com\/wp-content\/uploads\/2024\/12\/z6106045117260_813bf0c8de20948a960521b45ac4f29c.jpg","contentUrl":"https:\/\/exploringvn.com\/wp-content\/uploads\/2024\/12\/z6106045117260_813bf0c8de20948a960521b45ac4f29c.jpg","width":367,"height":228,"caption":"Exploring vietnam"},"image":{"@id":"https:\/\/exploringvn.com\/#\/schema\/logo\/image\/"}}]}},"_links":{"self":[{"href":"https:\/\/exploringvn.com\/vi\/wp-json\/wp\/v2\/pages\/1003","targetHints":{"allow":["GET"]}}],"collection":[{"href":"https:\/\/exploringvn.com\/vi\/wp-json\/wp\/v2\/pages"}],"about":[{"href":"https:\/\/exploringvn.com\/vi\/wp-json\/wp\/v2\/types\/page"}],"author":[{"embeddable":true,"href":"https:\/\/exploringvn.com\/vi\/wp-json\/wp\/v2\/users\/1"}],"replies":[{"embeddable":true,"href":"https:\/\/exploringvn.com\/vi\/wp-json\/wp\/v2\/comments?post=1003"}],"version-history":[{"count":6,"href":"https:\/\/exploringvn.com\/vi\/wp-json\/wp\/v2\/pages\/1003\/revisions"}],"predecessor-version":[{"id":1738,"href":"https:\/\/exploringvn.com\/vi\/wp-json\/wp\/v2\/pages\/1003\/revisions\/1738"}],"wp:attachment":[{"href":"https:\/\/exploringvn.com\/vi\/wp-json\/wp\/v2\/media?parent=1003"}],"curies":[{"name":"wp","href":"https:\/\/api.w.org\/{rel}","templated":true}]}}