{"id":1708,"date":"2025-08-20T22:47:36","date_gmt":"2025-08-20T15:47:36","guid":{"rendered":"https:\/\/exploringvn.com\/?page_id=1708"},"modified":"2025-08-20T22:47:36","modified_gmt":"2025-08-20T15:47:36","slug":"chinh-sach-van-chuyen-tour","status":"publish","type":"page","link":"https:\/\/exploringvn.com\/vi\/chinh-sach-van-chuyen-tour\/","title":{"rendered":"Ch\u00ednh s\u00e1ch v\u1eadn chuy\u1ec3n Tour"},"content":{"rendered":"<p>1. Ph\u01b0\u01a1ng ti\u1ec7n v\u1eadn chuy\u1ec3n C\u00f4ng ty s\u1eafp x\u1ebfp xe du l\u1ecbch \u0111\u1eddi m\u1edbi, m\u00e1y l\u1ea1nh, ph\u00f9 h\u1ee3p v\u1edbi s\u1ed1 l\u01b0\u1ee3ng kh\u00e1ch trong \u0111o\u00e0n. T\u00f9y tuy\u1ebfn v\u00e0 s\u1ed1 l\u01b0\u1ee3ng kh\u00e1ch, ph\u01b0\u01a1ng ti\u1ec7n c\u00f3 th\u1ec3 l\u00e0: xe du l\u1ecbch 16 \u2013 45 ch\u1ed7, t\u00e0u cao t\u1ed1c, thuy\u1ec1n du l\u1ecbch. Xe\/ t\u00e0u\/ thuy\u1ec1n \u0111\u01b0\u1ee3c ki\u1ec3m \u0111\u1ecbnh an to\u00e0n, v\u1ec7 sinh s\u1ea1ch s\u1ebd tr\u01b0\u1edbc khi ph\u1ee5c v\u1ee5.<\/p>\n<p>2. Ch\u1ed7 ng\u1ed3i tr\u00ean xe Nguy\u00ean t\u1eafc \u201cx\u1ebfp ch\u1ed7 theo s\u1ed1 th\u1ee9 t\u1ef1 \u0111\u0103ng k\u00fd tour\u201d. Kh\u00e1ch h\u00e0ng \u0111\u0103ng k\u00fd s\u1edbm s\u1ebd \u0111\u01b0\u1ee3c \u01b0u ti\u00ean ch\u1ecdn ch\u1ed7 ng\u1ed3i tr\u01b0\u1edbc. Trong su\u1ed1t h\u00e0nh tr\u00ecnh, h\u01b0\u1edbng d\u1eabn vi\u00ean c\u00f3 th\u1ec3 thay \u0111\u1ed5i ch\u1ed7 ng\u1ed3i \u0111\u1ec3 \u0111\u1ea3m b\u1ea3o s\u1ef1 c\u00f4ng b\u1eb1ng v\u00e0 tho\u1ea3i m\u00e1i cho c\u1ea3 \u0111o\u00e0n.<\/p>\n<p>3. Gi\u1edd kh\u1edfi h\u00e0nh v\u00e0 \u0111i\u1ec3m \u0111\u00f3n C\u00f4ng ty th\u00f4ng b\u00e1o gi\u1edd kh\u1edfi h\u00e0nh, \u0111i\u1ec3m \u0111\u00f3n ch\u00ednh th\u1ee9c cho kh\u00e1ch h\u00e0ng tr\u01b0\u1edbc ng\u00e0y \u0111i. Kh\u00e1ch vui l\u00f2ng c\u00f3 m\u1eb7t \u0111\u00fang gi\u1edd. Tr\u01b0\u1eddng h\u1ee3p \u0111\u1ebfn tr\u1ec5, c\u00f4ng ty kh\u00f4ng ch\u1ecbu tr\u00e1ch nhi\u1ec7m ho\u00e0n ph\u00ed n\u1ebfu kh\u00e1ch b\u1ecf l\u1ee1 chuy\u1ebfn \u0111i.<\/p>\n<p>4. H\u00e0nh l\u00fd Tr\u01b0\u1eddng h\u1ee3p di chuy\u1ec3n b\u1eb1ng xe, kh\u00e1ch vui l\u00f2ng mang h\u00e0nh l\u00fd g\u1ecdn nh\u1eb9. C\u00f4ng ty kh\u00f4ng ch\u1ecbu tr\u00e1ch nhi\u1ec7m cho h\u00e0nh l\u00fd qu\u00e1 kh\u1ed5 ho\u1eb7c kh\u00f4ng \u0111\u00fang quy \u0111\u1ecbnh. T\u00e0i s\u1ea3n c\u00e1 nh\u00e2n, gi\u1ea5y t\u1edd quan tr\u1ecdng, trang s\u1ee9c n\u00ean t\u1ef1 qu\u1ea3n l\u00fd. C\u00f4ng ty kh\u00f4ng ch\u1ecbu tr\u00e1ch nhi\u1ec7m cho th\u1ea5t l\u1ea1c ngo\u00e0i t\u1ea7m ki\u1ec3m so\u00e1t.<\/p>\n<p>5. Tr\u01b0\u1eddng h\u1ee3p b\u1ea5t kh\u1ea3 kh\u00e1ng Do \u0111i\u1ec1u ki\u1ec7n th\u1eddi ti\u1ebft x\u1ea5u (m\u01b0a b\u00e3o, l\u0169 l\u1ee5t, s\u1ea1t l\u1edf\u2026), giao th\u00f4ng \u00f9n t\u1eafc, ho\u1eb7c s\u1ef1 c\u1ed1 kh\u00e1ch quan, gi\u1edd kh\u1edfi h\u00e0nh v\u00e0 ph\u01b0\u01a1ng ti\u1ec7n c\u00f3 th\u1ec3 thay \u0111\u1ed5i. C\u00f4ng ty s\u1ebd n\u1ed7 l\u1ef1c s\u1eafp x\u1ebfp ph\u01b0\u01a1ng \u00e1n thay th\u1ebf t\u1ed1t nh\u1ea5t \u0111\u1ec3 \u0111\u1ea3m b\u1ea3o h\u00e0nh tr\u00ecnh, quy\u1ec1n l\u1ee3i kh\u00e1ch h\u00e0ng.<\/p>\n<p>6. Quy \u0111\u1ecbnh an to\u00e0n Kh\u00e1ch h\u00e0ng c\u1ea7n tu\u00e2n th\u1ee7 n\u1ed9i quy tr\u00ean xe, t\u00e0u, thuy\u1ec1n theo h\u01b0\u1edbng d\u1eabn c\u1ee7a nh\u00e2n vi\u00ean \u0111i\u1ec1u h\u00e0nh. Th\u1eaft d\u00e2y an to\u00e0n (n\u1ebfu c\u00f3), kh\u00f4ng mang h\u00e0ng c\u1ea5m, ch\u1ea5t d\u1ec5 ch\u00e1y n\u1ed5 khi tham gia tour.<\/p>\n","protected":false},"excerpt":{"rendered":"<p>1. Ph\u01b0\u01a1ng ti\u1ec7n v\u1eadn chuy\u1ec3n C\u00f4ng ty s\u1eafp x\u1ebfp xe du l\u1ecbch \u0111\u1eddi m\u1edbi, m\u00e1y l\u1ea1nh, ph\u00f9 h\u1ee3p v\u1edbi s\u1ed1 l\u01b0\u1ee3ng kh\u00e1ch trong \u0111o\u00e0n. T\u00f9y tuy\u1ebfn v\u00e0 s\u1ed1 l\u01b0\u1ee3ng kh\u00e1ch, ph\u01b0\u01a1ng ti\u1ec7n c\u00f3 th\u1ec3 l\u00e0: xe du l\u1ecbch 16 \u2013 45 ch\u1ed7, t\u00e0u cao t\u1ed1c, thuy\u1ec1n du l\u1ecbch. Xe\/ t\u00e0u\/ thuy\u1ec1n \u0111\u01b0\u1ee3c ki\u1ec3m \u0111\u1ecbnh an [&hellip;]<\/p>\n","protected":false},"author":1,"featured_media":0,"parent":0,"menu_order":0,"comment_status":"closed","ping_status":"closed","template":"","meta":{"footnotes":""},"class_list":["post-1708","page","type-page","status-publish","hentry"],"acf":[],"yoast_head":"<!-- This site is optimized with the Yoast SEO plugin v23.9 - https:\/\/yoast.com\/wordpress\/plugins\/seo\/ -->\n<title>Ch\u00ednh s\u00e1ch v\u1eadn chuy\u1ec3n Tour - Exploring vietnam<\/title>\n<meta name=\"robots\" content=\"index, follow, max-snippet:-1, max-image-preview:large, max-video-preview:-1\" \/>\n<link rel=\"canonical\" href=\"https:\/\/exploringvn.com\/vi\/chinh-sach-van-chuyen-tour\/\" \/>\n<meta property=\"og:locale\" content=\"vi_VN\" \/>\n<meta property=\"og:type\" content=\"article\" \/>\n<meta property=\"og:title\" content=\"Ch\u00ednh s\u00e1ch v\u1eadn chuy\u1ec3n Tour - Exploring vietnam\" \/>\n<meta property=\"og:description\" content=\"1. Ph\u01b0\u01a1ng ti\u1ec7n v\u1eadn chuy\u1ec3n C\u00f4ng ty s\u1eafp x\u1ebfp xe du l\u1ecbch \u0111\u1eddi m\u1edbi, m\u00e1y l\u1ea1nh, ph\u00f9 h\u1ee3p v\u1edbi s\u1ed1 l\u01b0\u1ee3ng kh\u00e1ch trong \u0111o\u00e0n. T\u00f9y tuy\u1ebfn v\u00e0 s\u1ed1 l\u01b0\u1ee3ng kh\u00e1ch, ph\u01b0\u01a1ng ti\u1ec7n c\u00f3 th\u1ec3 l\u00e0: xe du l\u1ecbch 16 \u2013 45 ch\u1ed7, t\u00e0u cao t\u1ed1c, thuy\u1ec1n du l\u1ecbch. Xe\/ t\u00e0u\/ thuy\u1ec1n \u0111\u01b0\u1ee3c ki\u1ec3m \u0111\u1ecbnh an [&hellip;]\" \/>\n<meta property=\"og:url\" content=\"https:\/\/exploringvn.com\/vi\/chinh-sach-van-chuyen-tour\/\" \/>\n<meta property=\"og:site_name\" content=\"Exploring vietnam\" \/>\n<meta name=\"twitter:card\" content=\"summary_large_image\" \/>\n<meta name=\"twitter:label1\" content=\"Est. reading time\" \/>\n\t<meta name=\"twitter:data1\" content=\"2 minutes\" \/>\n<script type=\"application\/ld+json\" class=\"yoast-schema-graph\">{\"@context\":\"https:\/\/schema.org\",\"@graph\":[{\"@type\":\"WebPage\",\"@id\":\"https:\/\/exploringvn.com\/vi\/chinh-sach-van-chuyen-tour\/\",\"url\":\"https:\/\/exploringvn.com\/vi\/chinh-sach-van-chuyen-tour\/\",\"name\":\"Ch\u00ednh s\u00e1ch v\u1eadn chuy\u1ec3n Tour - Exploring vietnam\",\"isPartOf\":{\"@id\":\"https:\/\/exploringvn.com\/#website\"},\"datePublished\":\"2025-08-20T15:47:36+00:00\",\"dateModified\":\"2025-08-20T15:47:36+00:00\",\"breadcrumb\":{\"@id\":\"https:\/\/exploringvn.com\/vi\/chinh-sach-van-chuyen-tour\/#breadcrumb\"},\"inLanguage\":\"vi-VN\",\"potentialAction\":[{\"@type\":\"ReadAction\",\"target\":[\"https:\/\/exploringvn.com\/vi\/chinh-sach-van-chuyen-tour\/\"]}]},{\"@type\":\"BreadcrumbList\",\"@id\":\"https:\/\/exploringvn.com\/vi\/chinh-sach-van-chuyen-tour\/#breadcrumb\",\"itemListElement\":[{\"@type\":\"ListItem\",\"position\":1,\"name\":\"Home\",\"item\":\"https:\/\/exploringvn.com\/vi\/\"},{\"@type\":\"ListItem\",\"position\":2,\"name\":\"Ch\u00ednh s\u00e1ch v\u1eadn chuy\u1ec3n Tour\"}]},{\"@type\":\"WebSite\",\"@id\":\"https:\/\/exploringvn.com\/#website\",\"url\":\"https:\/\/exploringvn.com\/\",\"name\":\"Exploring vietnam\",\"description\":\"\",\"publisher\":{\"@id\":\"https:\/\/exploringvn.com\/#organization\"},\"potentialAction\":[{\"@type\":\"SearchAction\",\"target\":{\"@type\":\"EntryPoint\",\"urlTemplate\":\"https:\/\/exploringvn.com\/?s={search_term_string}\"},\"query-input\":{\"@type\":\"PropertyValueSpecification\",\"valueRequired\":true,\"valueName\":\"search_term_string\"}}],\"inLanguage\":\"vi-VN\"},{\"@type\":\"Organization\",\"@id\":\"https:\/\/exploringvn.com\/#organization\",\"name\":\"Exploring vietnam\",\"url\":\"https:\/\/exploringvn.com\/\",\"logo\":{\"@type\":\"ImageObject\",\"inLanguage\":\"vi-VN\",\"@id\":\"https:\/\/exploringvn.com\/#\/schema\/logo\/image\/\",\"url\":\"https:\/\/exploringvn.com\/wp-content\/uploads\/2024\/12\/z6106045117260_813bf0c8de20948a960521b45ac4f29c.jpg\",\"contentUrl\":\"https:\/\/exploringvn.com\/wp-content\/uploads\/2024\/12\/z6106045117260_813bf0c8de20948a960521b45ac4f29c.jpg\",\"width\":367,\"height\":228,\"caption\":\"Exploring vietnam\"},\"image\":{\"@id\":\"https:\/\/exploringvn.com\/#\/schema\/logo\/image\/\"}}]}<\/script>\n<!-- \/ Yoast SEO plugin. -->","yoast_head_json":{"title":"Ch\u00ednh s\u00e1ch v\u1eadn chuy\u1ec3n Tour - Exploring vietnam","robots":{"index":"index","follow":"follow","max-snippet":"max-snippet:-1","max-image-preview":"max-image-preview:large","max-video-preview":"max-video-preview:-1"},"canonical":"https:\/\/exploringvn.com\/vi\/chinh-sach-van-chuyen-tour\/","og_locale":"vi_VN","og_type":"article","og_title":"Ch\u00ednh s\u00e1ch v\u1eadn chuy\u1ec3n Tour - Exploring vietnam","og_description":"1. Ph\u01b0\u01a1ng ti\u1ec7n v\u1eadn chuy\u1ec3n C\u00f4ng ty s\u1eafp x\u1ebfp xe du l\u1ecbch \u0111\u1eddi m\u1edbi, m\u00e1y l\u1ea1nh, ph\u00f9 h\u1ee3p v\u1edbi s\u1ed1 l\u01b0\u1ee3ng kh\u00e1ch trong \u0111o\u00e0n. T\u00f9y tuy\u1ebfn v\u00e0 s\u1ed1 l\u01b0\u1ee3ng kh\u00e1ch, ph\u01b0\u01a1ng ti\u1ec7n c\u00f3 th\u1ec3 l\u00e0: xe du l\u1ecbch 16 \u2013 45 ch\u1ed7, t\u00e0u cao t\u1ed1c, thuy\u1ec1n du l\u1ecbch. Xe\/ t\u00e0u\/ thuy\u1ec1n \u0111\u01b0\u1ee3c ki\u1ec3m \u0111\u1ecbnh an [&hellip;]","og_url":"https:\/\/exploringvn.com\/vi\/chinh-sach-van-chuyen-tour\/","og_site_name":"Exploring vietnam","twitter_card":"summary_large_image","twitter_misc":{"Est. reading time":"2 minutes"},"schema":{"@context":"https:\/\/schema.org","@graph":[{"@type":"WebPage","@id":"https:\/\/exploringvn.com\/vi\/chinh-sach-van-chuyen-tour\/","url":"https:\/\/exploringvn.com\/vi\/chinh-sach-van-chuyen-tour\/","name":"Ch\u00ednh s\u00e1ch v\u1eadn chuy\u1ec3n Tour - Exploring vietnam","isPartOf":{"@id":"https:\/\/exploringvn.com\/#website"},"datePublished":"2025-08-20T15:47:36+00:00","dateModified":"2025-08-20T15:47:36+00:00","breadcrumb":{"@id":"https:\/\/exploringvn.com\/vi\/chinh-sach-van-chuyen-tour\/#breadcrumb"},"inLanguage":"vi-VN","potentialAction":[{"@type":"ReadAction","target":["https:\/\/exploringvn.com\/vi\/chinh-sach-van-chuyen-tour\/"]}]},{"@type":"BreadcrumbList","@id":"https:\/\/exploringvn.com\/vi\/chinh-sach-van-chuyen-tour\/#breadcrumb","itemListElement":[{"@type":"ListItem","position":1,"name":"Home","item":"https:\/\/exploringvn.com\/vi\/"},{"@type":"ListItem","position":2,"name":"Ch\u00ednh s\u00e1ch v\u1eadn chuy\u1ec3n Tour"}]},{"@type":"WebSite","@id":"https:\/\/exploringvn.com\/#website","url":"https:\/\/exploringvn.com\/","name":"Exploring vietnam","description":"","publisher":{"@id":"https:\/\/exploringvn.com\/#organization"},"potentialAction":[{"@type":"SearchAction","target":{"@type":"EntryPoint","urlTemplate":"https:\/\/exploringvn.com\/?s={search_term_string}"},"query-input":{"@type":"PropertyValueSpecification","valueRequired":true,"valueName":"search_term_string"}}],"inLanguage":"vi-VN"},{"@type":"Organization","@id":"https:\/\/exploringvn.com\/#organization","name":"Exploring vietnam","url":"https:\/\/exploringvn.com\/","logo":{"@type":"ImageObject","inLanguage":"vi-VN","@id":"https:\/\/exploringvn.com\/#\/schema\/logo\/image\/","url":"https:\/\/exploringvn.com\/wp-content\/uploads\/2024\/12\/z6106045117260_813bf0c8de20948a960521b45ac4f29c.jpg","contentUrl":"https:\/\/exploringvn.com\/wp-content\/uploads\/2024\/12\/z6106045117260_813bf0c8de20948a960521b45ac4f29c.jpg","width":367,"height":228,"caption":"Exploring vietnam"},"image":{"@id":"https:\/\/exploringvn.com\/#\/schema\/logo\/image\/"}}]}},"_links":{"self":[{"href":"https:\/\/exploringvn.com\/vi\/wp-json\/wp\/v2\/pages\/1708","targetHints":{"allow":["GET"]}}],"collection":[{"href":"https:\/\/exploringvn.com\/vi\/wp-json\/wp\/v2\/pages"}],"about":[{"href":"https:\/\/exploringvn.com\/vi\/wp-json\/wp\/v2\/types\/page"}],"author":[{"embeddable":true,"href":"https:\/\/exploringvn.com\/vi\/wp-json\/wp\/v2\/users\/1"}],"replies":[{"embeddable":true,"href":"https:\/\/exploringvn.com\/vi\/wp-json\/wp\/v2\/comments?post=1708"}],"version-history":[{"count":2,"href":"https:\/\/exploringvn.com\/vi\/wp-json\/wp\/v2\/pages\/1708\/revisions"}],"predecessor-version":[{"id":1711,"href":"https:\/\/exploringvn.com\/vi\/wp-json\/wp\/v2\/pages\/1708\/revisions\/1711"}],"wp:attachment":[{"href":"https:\/\/exploringvn.com\/vi\/wp-json\/wp\/v2\/media?parent=1708"}],"curies":[{"name":"wp","href":"https:\/\/api.w.org\/{rel}","templated":true}]}}