{"id":1712,"date":"2025-08-20T23:04:22","date_gmt":"2025-08-20T16:04:22","guid":{"rendered":"https:\/\/exploringvn.com\/?page_id=1712"},"modified":"2025-08-20T23:04:22","modified_gmt":"2025-08-20T16:04:22","slug":"chinh-sach-thanh-toan","status":"publish","type":"page","link":"https:\/\/exploringvn.com\/vi\/chinh-sach-thanh-toan\/","title":{"rendered":"Ch\u00ednh s\u00e1ch thanh to\u00e1n"},"content":{"rendered":"<p><strong>Ch\u00ednh s\u00e1ch thanh to\u00e1n<\/strong><\/p>\n<ul>\n<li><strong>H\u00ecnh th\u1ee9c thanh to\u00e1n<\/strong>: Kh\u00e1ch h\u00e0ng c\u00f3 th\u1ec3 thanh to\u00e1n qua nhi\u1ec1u ph\u01b0\u01a1ng th\u1ee9c nh\u01b0 th\u1ebb t\u00edn d\u1ee5ng, chuy\u1ec3n kho\u1ea3n, ho\u1eb7c thanh to\u00e1n tr\u1ef1c ti\u1ebfp. C\u00e1c ph\u01b0\u01a1ng th\u1ee9c thanh to\u00e1n \u0111\u1ec1u \u0111\u01b0\u1ee3c b\u1ea3o m\u1eadt \u0111\u1ec3 \u0111\u1ea3m b\u1ea3o an to\u00e0n cho kh\u00e1ch h\u00e0ng.<\/li>\n<li><strong>Ho\u00e0n ti\u1ec1n<\/strong>: Trong tr\u01b0\u1eddng h\u1ee3p kh\u00e1ch h\u00e0ng h\u1ee7y d\u1ecbch v\u1ee5, ch\u00ednh s\u00e1ch ho\u00e0n ti\u1ec1n s\u1ebd \u00e1p d\u1ee5ng t\u00f9y theo \u0111i\u1ec1u kho\u1ea3n c\u1ee7a t\u1eebng lo\u1ea1i d\u1ecbch v\u1ee5 ho\u1eb7c tour. C\u00e1c chi ti\u1ebft v\u1ec1 ho\u00e0n ti\u1ec1n s\u1ebd \u0111\u01b0\u1ee3c ghi r\u00f5 trong th\u00f4ng tin tour ho\u1eb7c d\u1ecbch v\u1ee5 m\u00e0 kh\u00e1ch h\u00e0ng \u0111\u00e3 \u0111\u0103ng k\u00fd.<\/li>\n<\/ul>\n","protected":false},"excerpt":{"rendered":"<p>Ch\u00ednh s\u00e1ch thanh to\u00e1n H\u00ecnh th\u1ee9c thanh to\u00e1n: Kh\u00e1ch h\u00e0ng c\u00f3 th\u1ec3 thanh to\u00e1n qua nhi\u1ec1u ph\u01b0\u01a1ng th\u1ee9c nh\u01b0 th\u1ebb t\u00edn d\u1ee5ng, chuy\u1ec3n kho\u1ea3n, ho\u1eb7c thanh to\u00e1n tr\u1ef1c ti\u1ebfp. C\u00e1c ph\u01b0\u01a1ng th\u1ee9c thanh to\u00e1n \u0111\u1ec1u \u0111\u01b0\u1ee3c b\u1ea3o m\u1eadt \u0111\u1ec3 \u0111\u1ea3m b\u1ea3o an to\u00e0n cho kh\u00e1ch h\u00e0ng. Ho\u00e0n ti\u1ec1n: Trong tr\u01b0\u1eddng h\u1ee3p kh\u00e1ch h\u00e0ng h\u1ee7y d\u1ecbch [&hellip;]<\/p>\n","protected":false},"author":1,"featured_media":0,"parent":0,"menu_order":0,"comment_status":"closed","ping_status":"closed","template":"","meta":{"footnotes":""},"class_list":["post-1712","page","type-page","status-publish","hentry"],"acf":[],"yoast_head":"<!-- This site is optimized with the Yoast SEO plugin v23.9 - https:\/\/yoast.com\/wordpress\/plugins\/seo\/ -->\n<title>Ch\u00ednh s\u00e1ch thanh to\u00e1n - Exploring vietnam<\/title>\n<meta name=\"robots\" content=\"index, follow, max-snippet:-1, max-image-preview:large, max-video-preview:-1\" \/>\n<link rel=\"canonical\" href=\"https:\/\/exploringvn.com\/vi\/chinh-sach-thanh-toan\/\" \/>\n<meta property=\"og:locale\" content=\"vi_VN\" \/>\n<meta property=\"og:type\" content=\"article\" \/>\n<meta property=\"og:title\" content=\"Ch\u00ednh s\u00e1ch thanh to\u00e1n - Exploring vietnam\" \/>\n<meta property=\"og:description\" content=\"Ch\u00ednh s\u00e1ch thanh to\u00e1n H\u00ecnh th\u1ee9c thanh to\u00e1n: Kh\u00e1ch h\u00e0ng c\u00f3 th\u1ec3 thanh to\u00e1n qua nhi\u1ec1u ph\u01b0\u01a1ng th\u1ee9c nh\u01b0 th\u1ebb t\u00edn d\u1ee5ng, chuy\u1ec3n kho\u1ea3n, ho\u1eb7c thanh to\u00e1n tr\u1ef1c ti\u1ebfp. C\u00e1c ph\u01b0\u01a1ng th\u1ee9c thanh to\u00e1n \u0111\u1ec1u \u0111\u01b0\u1ee3c b\u1ea3o m\u1eadt \u0111\u1ec3 \u0111\u1ea3m b\u1ea3o an to\u00e0n cho kh\u00e1ch h\u00e0ng. Ho\u00e0n ti\u1ec1n: Trong tr\u01b0\u1eddng h\u1ee3p kh\u00e1ch h\u00e0ng h\u1ee7y d\u1ecbch [&hellip;]\" \/>\n<meta property=\"og:url\" content=\"https:\/\/exploringvn.com\/vi\/chinh-sach-thanh-toan\/\" \/>\n<meta property=\"og:site_name\" content=\"Exploring vietnam\" \/>\n<meta name=\"twitter:card\" content=\"summary_large_image\" \/>\n<meta name=\"twitter:label1\" content=\"Est. reading time\" \/>\n\t<meta name=\"twitter:data1\" content=\"1 minute\" \/>\n<script type=\"application\/ld+json\" class=\"yoast-schema-graph\">{\"@context\":\"https:\/\/schema.org\",\"@graph\":[{\"@type\":\"WebPage\",\"@id\":\"https:\/\/exploringvn.com\/vi\/chinh-sach-thanh-toan\/\",\"url\":\"https:\/\/exploringvn.com\/vi\/chinh-sach-thanh-toan\/\",\"name\":\"Ch\u00ednh s\u00e1ch thanh to\u00e1n - Exploring vietnam\",\"isPartOf\":{\"@id\":\"https:\/\/exploringvn.com\/#website\"},\"datePublished\":\"2025-08-20T16:04:22+00:00\",\"dateModified\":\"2025-08-20T16:04:22+00:00\",\"breadcrumb\":{\"@id\":\"https:\/\/exploringvn.com\/vi\/chinh-sach-thanh-toan\/#breadcrumb\"},\"inLanguage\":\"vi-VN\",\"potentialAction\":[{\"@type\":\"ReadAction\",\"target\":[\"https:\/\/exploringvn.com\/vi\/chinh-sach-thanh-toan\/\"]}]},{\"@type\":\"BreadcrumbList\",\"@id\":\"https:\/\/exploringvn.com\/vi\/chinh-sach-thanh-toan\/#breadcrumb\",\"itemListElement\":[{\"@type\":\"ListItem\",\"position\":1,\"name\":\"Home\",\"item\":\"https:\/\/exploringvn.com\/vi\/\"},{\"@type\":\"ListItem\",\"position\":2,\"name\":\"Ch\u00ednh s\u00e1ch thanh to\u00e1n\"}]},{\"@type\":\"WebSite\",\"@id\":\"https:\/\/exploringvn.com\/#website\",\"url\":\"https:\/\/exploringvn.com\/\",\"name\":\"Exploring vietnam\",\"description\":\"\",\"publisher\":{\"@id\":\"https:\/\/exploringvn.com\/#organization\"},\"potentialAction\":[{\"@type\":\"SearchAction\",\"target\":{\"@type\":\"EntryPoint\",\"urlTemplate\":\"https:\/\/exploringvn.com\/?s={search_term_string}\"},\"query-input\":{\"@type\":\"PropertyValueSpecification\",\"valueRequired\":true,\"valueName\":\"search_term_string\"}}],\"inLanguage\":\"vi-VN\"},{\"@type\":\"Organization\",\"@id\":\"https:\/\/exploringvn.com\/#organization\",\"name\":\"Exploring vietnam\",\"url\":\"https:\/\/exploringvn.com\/\",\"logo\":{\"@type\":\"ImageObject\",\"inLanguage\":\"vi-VN\",\"@id\":\"https:\/\/exploringvn.com\/#\/schema\/logo\/image\/\",\"url\":\"https:\/\/exploringvn.com\/wp-content\/uploads\/2024\/12\/z6106045117260_813bf0c8de20948a960521b45ac4f29c.jpg\",\"contentUrl\":\"https:\/\/exploringvn.com\/wp-content\/uploads\/2024\/12\/z6106045117260_813bf0c8de20948a960521b45ac4f29c.jpg\",\"width\":367,\"height\":228,\"caption\":\"Exploring vietnam\"},\"image\":{\"@id\":\"https:\/\/exploringvn.com\/#\/schema\/logo\/image\/\"}}]}<\/script>\n<!-- \/ Yoast SEO plugin. -->","yoast_head_json":{"title":"Ch\u00ednh s\u00e1ch thanh to\u00e1n - Exploring vietnam","robots":{"index":"index","follow":"follow","max-snippet":"max-snippet:-1","max-image-preview":"max-image-preview:large","max-video-preview":"max-video-preview:-1"},"canonical":"https:\/\/exploringvn.com\/vi\/chinh-sach-thanh-toan\/","og_locale":"vi_VN","og_type":"article","og_title":"Ch\u00ednh s\u00e1ch thanh to\u00e1n - Exploring vietnam","og_description":"Ch\u00ednh s\u00e1ch thanh to\u00e1n H\u00ecnh th\u1ee9c thanh to\u00e1n: Kh\u00e1ch h\u00e0ng c\u00f3 th\u1ec3 thanh to\u00e1n qua nhi\u1ec1u ph\u01b0\u01a1ng th\u1ee9c nh\u01b0 th\u1ebb t\u00edn d\u1ee5ng, chuy\u1ec3n kho\u1ea3n, ho\u1eb7c thanh to\u00e1n tr\u1ef1c ti\u1ebfp. C\u00e1c ph\u01b0\u01a1ng th\u1ee9c thanh to\u00e1n \u0111\u1ec1u \u0111\u01b0\u1ee3c b\u1ea3o m\u1eadt \u0111\u1ec3 \u0111\u1ea3m b\u1ea3o an to\u00e0n cho kh\u00e1ch h\u00e0ng. Ho\u00e0n ti\u1ec1n: Trong tr\u01b0\u1eddng h\u1ee3p kh\u00e1ch h\u00e0ng h\u1ee7y d\u1ecbch [&hellip;]","og_url":"https:\/\/exploringvn.com\/vi\/chinh-sach-thanh-toan\/","og_site_name":"Exploring vietnam","twitter_card":"summary_large_image","twitter_misc":{"Est. reading time":"1 minute"},"schema":{"@context":"https:\/\/schema.org","@graph":[{"@type":"WebPage","@id":"https:\/\/exploringvn.com\/vi\/chinh-sach-thanh-toan\/","url":"https:\/\/exploringvn.com\/vi\/chinh-sach-thanh-toan\/","name":"Ch\u00ednh s\u00e1ch thanh to\u00e1n - Exploring vietnam","isPartOf":{"@id":"https:\/\/exploringvn.com\/#website"},"datePublished":"2025-08-20T16:04:22+00:00","dateModified":"2025-08-20T16:04:22+00:00","breadcrumb":{"@id":"https:\/\/exploringvn.com\/vi\/chinh-sach-thanh-toan\/#breadcrumb"},"inLanguage":"vi-VN","potentialAction":[{"@type":"ReadAction","target":["https:\/\/exploringvn.com\/vi\/chinh-sach-thanh-toan\/"]}]},{"@type":"BreadcrumbList","@id":"https:\/\/exploringvn.com\/vi\/chinh-sach-thanh-toan\/#breadcrumb","itemListElement":[{"@type":"ListItem","position":1,"name":"Home","item":"https:\/\/exploringvn.com\/vi\/"},{"@type":"ListItem","position":2,"name":"Ch\u00ednh s\u00e1ch thanh to\u00e1n"}]},{"@type":"WebSite","@id":"https:\/\/exploringvn.com\/#website","url":"https:\/\/exploringvn.com\/","name":"Exploring vietnam","description":"","publisher":{"@id":"https:\/\/exploringvn.com\/#organization"},"potentialAction":[{"@type":"SearchAction","target":{"@type":"EntryPoint","urlTemplate":"https:\/\/exploringvn.com\/?s={search_term_string}"},"query-input":{"@type":"PropertyValueSpecification","valueRequired":true,"valueName":"search_term_string"}}],"inLanguage":"vi-VN"},{"@type":"Organization","@id":"https:\/\/exploringvn.com\/#organization","name":"Exploring vietnam","url":"https:\/\/exploringvn.com\/","logo":{"@type":"ImageObject","inLanguage":"vi-VN","@id":"https:\/\/exploringvn.com\/#\/schema\/logo\/image\/","url":"https:\/\/exploringvn.com\/wp-content\/uploads\/2024\/12\/z6106045117260_813bf0c8de20948a960521b45ac4f29c.jpg","contentUrl":"https:\/\/exploringvn.com\/wp-content\/uploads\/2024\/12\/z6106045117260_813bf0c8de20948a960521b45ac4f29c.jpg","width":367,"height":228,"caption":"Exploring vietnam"},"image":{"@id":"https:\/\/exploringvn.com\/#\/schema\/logo\/image\/"}}]}},"_links":{"self":[{"href":"https:\/\/exploringvn.com\/vi\/wp-json\/wp\/v2\/pages\/1712","targetHints":{"allow":["GET"]}}],"collection":[{"href":"https:\/\/exploringvn.com\/vi\/wp-json\/wp\/v2\/pages"}],"about":[{"href":"https:\/\/exploringvn.com\/vi\/wp-json\/wp\/v2\/types\/page"}],"author":[{"embeddable":true,"href":"https:\/\/exploringvn.com\/vi\/wp-json\/wp\/v2\/users\/1"}],"replies":[{"embeddable":true,"href":"https:\/\/exploringvn.com\/vi\/wp-json\/wp\/v2\/comments?post=1712"}],"version-history":[{"count":2,"href":"https:\/\/exploringvn.com\/vi\/wp-json\/wp\/v2\/pages\/1712\/revisions"}],"predecessor-version":[{"id":1714,"href":"https:\/\/exploringvn.com\/vi\/wp-json\/wp\/v2\/pages\/1712\/revisions\/1714"}],"wp:attachment":[{"href":"https:\/\/exploringvn.com\/vi\/wp-json\/wp\/v2\/media?parent=1712"}],"curies":[{"name":"wp","href":"https:\/\/api.w.org\/{rel}","templated":true}]}}