{"id":52,"date":"2024-09-19T10:53:23","date_gmt":"2024-09-19T10:53:23","guid":{"rendered":"https:\/\/exploringvn.com\/?page_id=52"},"modified":"2025-08-28T13:02:10","modified_gmt":"2025-08-28T06:02:10","slug":"gioi-thieu","status":"publish","type":"page","link":"https:\/\/exploringvn.com\/vi\/gioi-thieu\/","title":{"rendered":"Gi\u1edbi thi\u1ec7u"},"content":{"rendered":"<p data-start=\"0\" data-end=\"111\">Ch\u00e0o m\u1eebng b\u1ea1n \u0111\u1ebfn v\u1edbi <strong data-start=\"22\" data-end=\"109\">LARRY LDP TRAVEL \u2013 N\u01a1i k\u1ef3 ngh\u1ec9 c\u1ee7a b\u1ea1n b\u1eebng s\u00e1ng v\u1edbi kh\u1ea9u hi\u1ec7u: Live, Love, Delight v\u00e0 Passion<\/strong><\/p>\n<p data-start=\"113\" data-end=\"504\">T\u1ea1i Larry LDP Travel, ch\u00fang t\u00f4i tin r\u1eb1ng du l\u1ecbch kh\u00f4ng ch\u1ec9 l\u00e0 \u0111i \u0111\u1ebfn m\u1ed9t \u0111i\u1ec3m \u0111\u1ebfn, m\u00e0 c\u00f2n l\u00e0 h\u00e0nh tr\u00ecnh ki\u1ebfn t\u1ea1o nh\u1eefng tr\u1ea3i nghi\u1ec7m ch\u1ea1m \u0111\u1ebfn tr\u00e1i tim, kh\u01a1i g\u1ee3i c\u1ea3m h\u1ee9ng v\u00e0 \u0111\u1ec3 l\u1ea1i d\u01b0 \u00e2m tr\u1ecdn v\u1eb9n. V\u1edbi tri\u1ebft l\u00fd <strong data-start=\"320\" data-end=\"355\">Live \u2013 Love \u2013 Delight \u2013 Passion<\/strong>, ch\u00fang t\u00f4i cam k\u1ebft mang \u0111\u1ebfn nh\u1eefng chuy\u1ebfn \u0111i kh\u00f3 qu\u00ean, gi\u00fap b\u1ea1n k\u1ebft n\u1ed1i s\u00e2u s\u1eafc v\u1edbi t\u1eebng mi\u1ec1n \u0111\u1ea5t v\u00e0 tr\u1edf v\u1ec1 v\u1edbi s\u1ef1 th\u01b0 th\u00e1i, h\u1ee9ng kh\u1edfi v\u00e0 h\u00e0i l\u00f2ng.<\/p>\n<h3 data-start=\"506\" data-end=\"545\">V\u00ec sao n\u00ean ch\u1ecdn Larry LDP Travel?<\/h3>\n<p data-start=\"547\" data-end=\"853\"><strong data-start=\"547\" data-end=\"597\">1. An to\u00e0n h\u00e0ng \u0111\u1ea7u \u2013 Du l\u1ecbch an t\u00e2m tuy\u1ec7t \u0111\u1ed1i<\/strong><br data-start=\"597\" data-end=\"600\" \/>S\u1ef1 an to\u00e0n c\u1ee7a b\u1ea1n l\u00e0 \u01b0u ti\u00ean s\u1ed1 m\u1ed9t. D\u00f9 b\u1ea1n \u0111ang trekking gi\u1eefa n\u00fai r\u1eebng h\u00f9ng v\u0129 hay d\u1ea1o thuy\u1ec1n tr\u00ean s\u00f4ng n\u01b0\u1edbc y\u00ean b\u00ecnh, ch\u00fang t\u00f4i lu\u00f4n ch\u1ee7 \u0111\u1ed9ng \u0111\u1ea3m b\u1ea3o b\u1ea1n \u0111\u01b0\u1ee3c b\u1ea3o v\u1ec7 v\u00e0 h\u1ed7 tr\u1ee3. B\u1ea1n ch\u1ec9 c\u1ea7n t\u1eadn h\u01b0\u1edfng tr\u1ecdn v\u1eb9n t\u1eebng kho\u1ea3nh kh\u1eafc m\u00e0 kh\u00f4ng v\u01b0\u1edbng lo l\u1eafng.<\/p>\n<p data-start=\"855\" data-end=\"1160\"><strong data-start=\"855\" data-end=\"900\">2. Tr\u1ea3i nghi\u1ec7m \u0111i\u1ec3m \u0111\u1ebfn nh\u01b0 ng\u01b0\u1eddi b\u1ea3n \u0111\u1ecba<\/strong><br data-start=\"900\" data-end=\"903\" \/>Ch\u00fang t\u00f4i kh\u00f4ng ch\u1ec9 d\u1eabn b\u1ea1n \u0111i tham quan, m\u00e0 c\u00f2n \u0111\u01b0a b\u1ea1n h\u00f2a m\u00ecnh v\u00e0o v\u0103n h\u00f3a b\u1ea3n \u0111\u1ecba. B\u1ea1n s\u1ebd \u0111\u01b0\u1ee3c s\u1ed1ng tr\u1ecdn v\u1eb9n trong nh\u1ecbp s\u1ed1ng, phong t\u1ee5c, v\u00e0 nh\u1eefng gi\u00e1 tr\u1ecb truy\u1ec1n th\u1ed1ng \u0111\u1ed9c \u0111\u00e1o c\u1ee7a \u0111i\u1ec3m \u0111\u1ebfn. M\u1ed7i chuy\u1ebfn \u0111i l\u00e0 m\u1ed9t h\u00e0nh tr\u00ecnh ch\u1ea1m \u0111\u1ebfn t\u00e2m h\u1ed3n .<\/p>\n<p data-start=\"1162\" data-end=\"1433\"><strong data-start=\"1162\" data-end=\"1204\">3. \u0110\u1ed1i t\u00e1c uy t\u00edn \u2013 Cam k\u1ebft ch\u1ea5t l\u01b0\u1ee3ng<\/strong><br data-start=\"1204\" data-end=\"1207\" \/>Larry LDP Travel ch\u1ec9 h\u1ee3p t\u00e1c v\u1edbi nh\u1eefng \u0111\u01a1n v\u1ecb l\u1eef h\u00e0nh h\u00e0ng \u0111\u1ea7u t\u1ea1i Vi\u1ec7t Nam, \u0111\u01b0\u1ee3c ch\u1ecdn l\u1ecdc k\u1ef9 c\u00e0ng theo ti\u00eau chu\u1ea9n kh\u1eaft khe v\u1ec1 ch\u1ea5t l\u01b0\u1ee3ng, an to\u00e0n v\u00e0 d\u1ecbch v\u1ee5. Nh\u1edd \u0111\u00f3, b\u1ea1n lu\u00f4n c\u00f3 m\u1ed9t chuy\u1ebfn \u0111i tr\u1ecdn v\u1eb9n, ti\u1ec7n l\u1ee3i v\u00e0 \u0111\u00e1ng nh\u1edb.<\/p>\n<p data-start=\"1435\" data-end=\"1748\"><strong data-start=\"1435\" data-end=\"1484\">4. \u0110\u1ed9i ng\u0169 \u0111\u1ecba ph\u01b0\u01a1ng th\u00e2n thi\u1ec7n, nhi\u1ec7t huy\u1ebft<\/strong><br data-start=\"1484\" data-end=\"1487\" \/>M\u1ed9t n\u1ee5 c\u01b0\u1eddi c\u00f3 th\u1ec3 bi\u1ebfn chuy\u1ebfn \u0111i b\u00ecnh th\u01b0\u1eddng th\u00e0nh tr\u1ea3i nghi\u1ec7m tuy\u1ec7t v\u1eddi. \u0110\u1ed9i ng\u0169 nh\u00e2n vi\u00ean c\u1ee7a ch\u00fang t\u00f4i kh\u00f4ng ch\u1ec9 chuy\u00ean nghi\u1ec7p, am hi\u1ec3u m\u00e0 c\u00f2n h\u00e0i h\u01b0\u1edbc, th\u00e2n thi\u1ec7n v\u00e0 gi\u00e0u nhi\u1ec7t huy\u1ebft. B\u1ea1n s\u1ebd c\u1ea3m nh\u1eadn \u0111\u01b0\u1ee3c s\u1ef1 ch\u00e0o \u0111\u00f3n n\u1ed3ng \u1ea5m nh\u01b0 m\u1ed9t v\u1ecb kh\u00e1ch qu\u00fd th\u1ef1c s\u1ef1.<\/p>\n<h3 data-start=\"1750\" data-end=\"1815\">Tri\u1ebft l\u00fd c\u1ee7a ch\u00fang t\u00f4i: <strong data-start=\"1778\" data-end=\"1813\">Live \u2013 Love \u2013 Delight \u2013 Passion<\/strong><\/h3>\n<ul data-start=\"1817\" data-end=\"2232\">\n<li data-start=\"1817\" data-end=\"1919\">\n<p data-start=\"1819\" data-end=\"1919\"><strong data-start=\"1819\" data-end=\"1827\">Live<\/strong> \u2013 S\u1ed1ng tr\u1ecdn t\u1eebng kho\u1ea3nh kh\u1eafc: t\u1eeb ch\u1ee3 phi\u00ean n\u00e1o nhi\u1ec7t \u0111\u1ebfn khung c\u1ea3nh thi\u00ean nhi\u00ean y\u00ean b\u00ecnh.<\/p>\n<\/li>\n<li data-start=\"1920\" data-end=\"2018\">\n<p data-start=\"1922\" data-end=\"2018\"><strong data-start=\"1922\" data-end=\"1930\">Love<\/strong> \u2013 Y\u00eau t\u1eebng n\u00e9t \u0111\u1eb9p: con ng\u01b0\u1eddi hi\u1ebfu kh\u00e1ch, phong c\u1ea3nh tuy\u1ec7t v\u1eddi, v\u0103n h\u00f3a gi\u00e0u b\u1ea3n s\u1eafc.<\/p>\n<\/li>\n<li data-start=\"2019\" data-end=\"2110\">\n<p data-start=\"2021\" data-end=\"2110\"><strong data-start=\"2021\" data-end=\"2032\">Delight<\/strong> \u2013 Ni\u1ec1m vui b\u1ea5t ng\u1edd: nh\u1eefng tr\u1ea3i nghi\u1ec7m nh\u1ecf nh\u01b0ng l\u00e0m b\u1ea1n b\u1eadt c\u01b0\u1eddi v\u00e0 say m\u00ea.<\/p>\n<\/li>\n<li data-start=\"2111\" data-end=\"2232\">\n<p data-start=\"2113\" data-end=\"2232\"><strong data-start=\"2113\" data-end=\"2124\">Passion<\/strong> \u2013 \u0110am m\u00ea du l\u1ecbch: hi\u1ec7n di\u1ec7n trong t\u1eebng chi ti\u1ebft d\u1ecbch v\u1ee5, t\u1eeb l\u1ecbch tr\u00ecnh \u0111\u1ebfn s\u1ef1 t\u1eadn t\u00e2m c\u1ee7a h\u01b0\u1edbng d\u1eabn vi\u00ean.<\/p>\n<\/li>\n<\/ul>\n<h3 data-start=\"2234\" data-end=\"2273\">H\u00e0nh tr\u00ecnh c\u1ee7a b\u1ea1n b\u1eaft \u0111\u1ea7u t\u1eeb \u0111\u00e2y<\/h3>\n<p data-start=\"2274\" data-end=\"2468\">M\u1ed9t k\u1ef3 ngh\u1ec9 tuy\u1ec7t v\u1eddi kh\u00f4ng ch\u1ec9 n\u1eb1m \u1edf \u0111i\u1ec3m \u0111\u1ebfn, m\u00e0 c\u00f2n \u1edf c\u1ea3m x\u00fac b\u1ea1n mang theo. V\u1edbi Larry LDP Travel, b\u1ea1n s\u1ebd c\u00f3 m\u1ed9t chuy\u1ebfn \u0111i tr\u1ecdn v\u1eb9n v\u1ec1 <strong data-start=\"2412\" data-end=\"2465\">an to\u00e0n \u2013 tr\u1ea3i nghi\u1ec7m th\u1ef1c \u2013 ch\u1ea5t l\u01b0\u1ee3ng v\u01b0\u1ee3t tr\u1ed9i<\/strong>.<\/p>\n<p data-start=\"2470\" data-end=\"2639\">H\u00e3y \u0111\u1ec3 <strong data-start=\"2530\" data-end=\"2550\">Larry LDP Travel<\/strong> \u0111\u1ed3ng h\u00e0nh c\u00f9ng b\u1ea1n trong h\u00e0nh tr\u00ecnh \u0111\u1ea7y \u1eafp ti\u1ebfng c\u01b0\u1eddi, y\u00eau th\u01b0\u01a1ng v\u00e0 k\u1ef7 ni\u1ec7m kh\u00f3 qu\u00ean.<\/p>\n","protected":false},"excerpt":{"rendered":"<p>Ch\u00e0o m\u1eebng b\u1ea1n \u0111\u1ebfn v\u1edbi LARRY LDP TRAVEL \u2013 N\u01a1i k\u1ef3 ngh\u1ec9 c\u1ee7a b\u1ea1n b\u1eebng s\u00e1ng v\u1edbi kh\u1ea9u hi\u1ec7u: Live, Love, Delight v\u00e0 Passion T\u1ea1i Larry LDP Travel, ch\u00fang t\u00f4i tin r\u1eb1ng du l\u1ecbch kh\u00f4ng ch\u1ec9 l\u00e0 \u0111i \u0111\u1ebfn m\u1ed9t \u0111i\u1ec3m \u0111\u1ebfn, m\u00e0 c\u00f2n l\u00e0 h\u00e0nh tr\u00ecnh ki\u1ebfn t\u1ea1o nh\u1eefng tr\u1ea3i nghi\u1ec7m ch\u1ea1m \u0111\u1ebfn tr\u00e1i [&hellip;]<\/p>\n","protected":false},"author":1,"featured_media":0,"parent":0,"menu_order":0,"comment_status":"closed","ping_status":"closed","template":"","meta":{"footnotes":""},"class_list":["post-52","page","type-page","status-publish","hentry"],"acf":[],"yoast_head":"<!-- This site is optimized with the Yoast SEO plugin v23.9 - https:\/\/yoast.com\/wordpress\/plugins\/seo\/ -->\n<title>Gi\u1edbi thi\u1ec7u - Exploring vietnam<\/title>\n<meta name=\"robots\" content=\"index, follow, max-snippet:-1, max-image-preview:large, max-video-preview:-1\" \/>\n<link rel=\"canonical\" href=\"https:\/\/exploringvn.com\/vi\/gioi-thieu\/\" \/>\n<meta property=\"og:locale\" content=\"vi_VN\" \/>\n<meta property=\"og:type\" content=\"article\" \/>\n<meta property=\"og:title\" content=\"Gi\u1edbi thi\u1ec7u - Exploring vietnam\" \/>\n<meta property=\"og:description\" content=\"Ch\u00e0o m\u1eebng b\u1ea1n \u0111\u1ebfn v\u1edbi LARRY LDP TRAVEL \u2013 N\u01a1i k\u1ef3 ngh\u1ec9 c\u1ee7a b\u1ea1n b\u1eebng s\u00e1ng v\u1edbi kh\u1ea9u hi\u1ec7u: Live, Love, Delight v\u00e0 Passion T\u1ea1i Larry LDP Travel, ch\u00fang t\u00f4i tin r\u1eb1ng du l\u1ecbch kh\u00f4ng ch\u1ec9 l\u00e0 \u0111i \u0111\u1ebfn m\u1ed9t \u0111i\u1ec3m \u0111\u1ebfn, m\u00e0 c\u00f2n l\u00e0 h\u00e0nh tr\u00ecnh ki\u1ebfn t\u1ea1o nh\u1eefng tr\u1ea3i nghi\u1ec7m ch\u1ea1m \u0111\u1ebfn tr\u00e1i [&hellip;]\" \/>\n<meta property=\"og:url\" content=\"https:\/\/exploringvn.com\/vi\/gioi-thieu\/\" \/>\n<meta property=\"og:site_name\" content=\"Exploring vietnam\" \/>\n<meta property=\"article:modified_time\" content=\"2025-08-28T06:02:10+00:00\" \/>\n<meta name=\"twitter:card\" content=\"summary_large_image\" \/>\n<meta name=\"twitter:label1\" content=\"Est. reading time\" \/>\n\t<meta name=\"twitter:data1\" content=\"3 minutes\" \/>\n<script type=\"application\/ld+json\" class=\"yoast-schema-graph\">{\"@context\":\"https:\/\/schema.org\",\"@graph\":[{\"@type\":\"WebPage\",\"@id\":\"https:\/\/exploringvn.com\/vi\/gioi-thieu\/\",\"url\":\"https:\/\/exploringvn.com\/vi\/gioi-thieu\/\",\"name\":\"Gi\u1edbi thi\u1ec7u - Exploring vietnam\",\"isPartOf\":{\"@id\":\"https:\/\/exploringvn.com\/#website\"},\"datePublished\":\"2024-09-19T10:53:23+00:00\",\"dateModified\":\"2025-08-28T06:02:10+00:00\",\"breadcrumb\":{\"@id\":\"https:\/\/exploringvn.com\/vi\/gioi-thieu\/#breadcrumb\"},\"inLanguage\":\"vi-VN\",\"potentialAction\":[{\"@type\":\"ReadAction\",\"target\":[\"https:\/\/exploringvn.com\/vi\/gioi-thieu\/\"]}]},{\"@type\":\"BreadcrumbList\",\"@id\":\"https:\/\/exploringvn.com\/vi\/gioi-thieu\/#breadcrumb\",\"itemListElement\":[{\"@type\":\"ListItem\",\"position\":1,\"name\":\"Home\",\"item\":\"https:\/\/exploringvn.com\/vi\/\"},{\"@type\":\"ListItem\",\"position\":2,\"name\":\"Gi\u1edbi thi\u1ec7u\"}]},{\"@type\":\"WebSite\",\"@id\":\"https:\/\/exploringvn.com\/#website\",\"url\":\"https:\/\/exploringvn.com\/\",\"name\":\"Exploring vietnam\",\"description\":\"\",\"publisher\":{\"@id\":\"https:\/\/exploringvn.com\/#organization\"},\"potentialAction\":[{\"@type\":\"SearchAction\",\"target\":{\"@type\":\"EntryPoint\",\"urlTemplate\":\"https:\/\/exploringvn.com\/?s={search_term_string}\"},\"query-input\":{\"@type\":\"PropertyValueSpecification\",\"valueRequired\":true,\"valueName\":\"search_term_string\"}}],\"inLanguage\":\"vi-VN\"},{\"@type\":\"Organization\",\"@id\":\"https:\/\/exploringvn.com\/#organization\",\"name\":\"Exploring vietnam\",\"url\":\"https:\/\/exploringvn.com\/\",\"logo\":{\"@type\":\"ImageObject\",\"inLanguage\":\"vi-VN\",\"@id\":\"https:\/\/exploringvn.com\/#\/schema\/logo\/image\/\",\"url\":\"https:\/\/exploringvn.com\/wp-content\/uploads\/2024\/12\/z6106045117260_813bf0c8de20948a960521b45ac4f29c.jpg\",\"contentUrl\":\"https:\/\/exploringvn.com\/wp-content\/uploads\/2024\/12\/z6106045117260_813bf0c8de20948a960521b45ac4f29c.jpg\",\"width\":367,\"height\":228,\"caption\":\"Exploring vietnam\"},\"image\":{\"@id\":\"https:\/\/exploringvn.com\/#\/schema\/logo\/image\/\"}}]}<\/script>\n<!-- \/ Yoast SEO plugin. -->","yoast_head_json":{"title":"Gi\u1edbi thi\u1ec7u - Exploring vietnam","robots":{"index":"index","follow":"follow","max-snippet":"max-snippet:-1","max-image-preview":"max-image-preview:large","max-video-preview":"max-video-preview:-1"},"canonical":"https:\/\/exploringvn.com\/vi\/gioi-thieu\/","og_locale":"vi_VN","og_type":"article","og_title":"Gi\u1edbi thi\u1ec7u - Exploring vietnam","og_description":"Ch\u00e0o m\u1eebng b\u1ea1n \u0111\u1ebfn v\u1edbi LARRY LDP TRAVEL \u2013 N\u01a1i k\u1ef3 ngh\u1ec9 c\u1ee7a b\u1ea1n b\u1eebng s\u00e1ng v\u1edbi kh\u1ea9u hi\u1ec7u: Live, Love, Delight v\u00e0 Passion T\u1ea1i Larry LDP Travel, ch\u00fang t\u00f4i tin r\u1eb1ng du l\u1ecbch kh\u00f4ng ch\u1ec9 l\u00e0 \u0111i \u0111\u1ebfn m\u1ed9t \u0111i\u1ec3m \u0111\u1ebfn, m\u00e0 c\u00f2n l\u00e0 h\u00e0nh tr\u00ecnh ki\u1ebfn t\u1ea1o nh\u1eefng tr\u1ea3i nghi\u1ec7m ch\u1ea1m \u0111\u1ebfn tr\u00e1i [&hellip;]","og_url":"https:\/\/exploringvn.com\/vi\/gioi-thieu\/","og_site_name":"Exploring vietnam","article_modified_time":"2025-08-28T06:02:10+00:00","twitter_card":"summary_large_image","twitter_misc":{"Est. reading time":"3 minutes"},"schema":{"@context":"https:\/\/schema.org","@graph":[{"@type":"WebPage","@id":"https:\/\/exploringvn.com\/vi\/gioi-thieu\/","url":"https:\/\/exploringvn.com\/vi\/gioi-thieu\/","name":"Gi\u1edbi thi\u1ec7u - Exploring vietnam","isPartOf":{"@id":"https:\/\/exploringvn.com\/#website"},"datePublished":"2024-09-19T10:53:23+00:00","dateModified":"2025-08-28T06:02:10+00:00","breadcrumb":{"@id":"https:\/\/exploringvn.com\/vi\/gioi-thieu\/#breadcrumb"},"inLanguage":"vi-VN","potentialAction":[{"@type":"ReadAction","target":["https:\/\/exploringvn.com\/vi\/gioi-thieu\/"]}]},{"@type":"BreadcrumbList","@id":"https:\/\/exploringvn.com\/vi\/gioi-thieu\/#breadcrumb","itemListElement":[{"@type":"ListItem","position":1,"name":"Home","item":"https:\/\/exploringvn.com\/vi\/"},{"@type":"ListItem","position":2,"name":"Gi\u1edbi thi\u1ec7u"}]},{"@type":"WebSite","@id":"https:\/\/exploringvn.com\/#website","url":"https:\/\/exploringvn.com\/","name":"Exploring vietnam","description":"","publisher":{"@id":"https:\/\/exploringvn.com\/#organization"},"potentialAction":[{"@type":"SearchAction","target":{"@type":"EntryPoint","urlTemplate":"https:\/\/exploringvn.com\/?s={search_term_string}"},"query-input":{"@type":"PropertyValueSpecification","valueRequired":true,"valueName":"search_term_string"}}],"inLanguage":"vi-VN"},{"@type":"Organization","@id":"https:\/\/exploringvn.com\/#organization","name":"Exploring vietnam","url":"https:\/\/exploringvn.com\/","logo":{"@type":"ImageObject","inLanguage":"vi-VN","@id":"https:\/\/exploringvn.com\/#\/schema\/logo\/image\/","url":"https:\/\/exploringvn.com\/wp-content\/uploads\/2024\/12\/z6106045117260_813bf0c8de20948a960521b45ac4f29c.jpg","contentUrl":"https:\/\/exploringvn.com\/wp-content\/uploads\/2024\/12\/z6106045117260_813bf0c8de20948a960521b45ac4f29c.jpg","width":367,"height":228,"caption":"Exploring vietnam"},"image":{"@id":"https:\/\/exploringvn.com\/#\/schema\/logo\/image\/"}}]}},"_links":{"self":[{"href":"https:\/\/exploringvn.com\/vi\/wp-json\/wp\/v2\/pages\/52","targetHints":{"allow":["GET"]}}],"collection":[{"href":"https:\/\/exploringvn.com\/vi\/wp-json\/wp\/v2\/pages"}],"about":[{"href":"https:\/\/exploringvn.com\/vi\/wp-json\/wp\/v2\/types\/page"}],"author":[{"embeddable":true,"href":"https:\/\/exploringvn.com\/vi\/wp-json\/wp\/v2\/users\/1"}],"replies":[{"embeddable":true,"href":"https:\/\/exploringvn.com\/vi\/wp-json\/wp\/v2\/comments?post=52"}],"version-history":[{"count":4,"href":"https:\/\/exploringvn.com\/vi\/wp-json\/wp\/v2\/pages\/52\/revisions"}],"predecessor-version":[{"id":1737,"href":"https:\/\/exploringvn.com\/vi\/wp-json\/wp\/v2\/pages\/52\/revisions\/1737"}],"wp:attachment":[{"href":"https:\/\/exploringvn.com\/vi\/wp-json\/wp\/v2\/media?parent=52"}],"curies":[{"name":"wp","href":"https:\/\/api.w.org\/{rel}","templated":true}]}}