{"id":968,"date":"2024-11-27T15:54:13","date_gmt":"2024-11-27T08:54:13","guid":{"rendered":"https:\/\/exploringvn.com\/payment-policy\/"},"modified":"2025-02-24T14:23:36","modified_gmt":"2025-02-24T07:23:36","slug":"chinh-sach-quy-dinh","status":"publish","type":"page","link":"https:\/\/exploringvn.com\/vi\/chinh-sach-quy-dinh\/","title":{"rendered":"Ch\u00ednh s\u00e1ch quy \u0111\u1ecbnh"},"content":{"rendered":"<p><strong>CH\u00cdNH S\u00c1CH V\u00c0 QUY \u0110\u1ecaNH S\u1eec D\u1ee4NG WEBSITE<\/strong><\/p>\n<p>Trang web\u00a0<strong>exploringvn.com<\/strong> \u0111\u01b0\u1ee3c v\u1eadn h\u00e0nh b\u1edfi \u0110\u1ea1i l\u00fd l\u1eef h\u00e0nh LARRY LDP TRAVEL nh\u1eb1m cung c\u1ea5p th\u00f4ng tin v\u1ec1 c\u00e1c d\u1ecbch v\u1ee5 du l\u1ecbch, tour v\u00e0 c\u00e1c s\u1ea3n ph\u1ea9m li\u00ean quan. Khi truy c\u1eadp v\u00e0 s\u1eed d\u1ee5ng website, b\u1ea1n \u0111\u1ed3ng \u00fd tu\u00e2n th\u1ee7 c\u00e1c \u0111i\u1ec1u kho\u1ea3n v\u00e0 \u0111i\u1ec1u ki\u1ec7n sau:<\/p>\n<ol>\n<li><strong> Quy \u0111\u1ecbnh chung<\/strong><\/li>\n<\/ol>\n<ul>\n<li>M\u1ee5c \u0111\u00edch c\u1ee7a website l\u00e0 cung c\u1ea5p th\u00f4ng tin v\u00e0 h\u1ed7 tr\u1ee3 \u0111\u1eb7t tour du l\u1ecbch. C\u00e1c th\u00f4ng tin tr\u00ean website \u0111\u01b0\u1ee3c c\u1eadp nh\u1eadt th\u01b0\u1eddng xuy\u00ean \u0111\u1ec3 \u0111\u1ea3m b\u1ea3o ch\u00ednh x\u00e1c, nh\u01b0ng c\u00f3 th\u1ec3 c\u00f3 thay \u0111\u1ed5i m\u00e0 kh\u00f4ng c\u1ea7n th\u00f4ng b\u00e1o tr\u01b0\u1edbc.<\/li>\n<li>M\u1ecdi n\u1ed9i dung tr\u00ean trang web thu\u1ed9c quy\u1ec1n s\u1edf h\u1eefu c\u1ee7a \u0110\u1ea1i l\u00fd l\u1eef h\u00e0nh LARRY LDP TRAVEL. Kh\u00e1ch h\u00e0ng kh\u00f4ng \u0111\u01b0\u1ee3c ph\u00e9p sao ch\u00e9p, ph\u00e1t t\u00e1n, ho\u1eb7c s\u1eed d\u1ee5ng l\u1ea1i cho m\u1ee5c \u0111\u00edch th\u01b0\u01a1ng m\u1ea1i n\u1ebfu kh\u00f4ng c\u00f3 s\u1ef1 \u0111\u1ed3ng \u00fd b\u1eb1ng v\u0103n b\u1ea3n t\u1eeb ph\u00eda ch\u00fang t\u00f4i.<\/li>\n<\/ul>\n<ol start=\"2\">\n<li><strong> Ch\u00ednh s\u00e1ch b\u1ea3o m\u1eadt<\/strong><\/li>\n<\/ol>\n<ul>\n<li><strong>Thu th\u1eadp th\u00f4ng tin c\u00e1 nh\u00e2n<\/strong>: Khi \u0111\u1eb7t d\u1ecbch v\u1ee5 qua website, kh\u00e1ch h\u00e0ng c\u1ea7n cung c\u1ea5p c\u00e1c th\u00f4ng tin c\u00e1 nh\u00e2n c\u1ea7n thi\u1ebft (nh\u01b0 h\u1ecd t\u00ean, s\u1ed1 \u0111i\u1ec7n tho\u1ea1i, email) \u0111\u1ec3 c\u00f4ng ty c\u00f3 th\u1ec3 ph\u1ee5c v\u1ee5 t\u1ed1t nh\u1ea5t.<\/li>\n<li><strong>B\u1ea3o m\u1eadt th\u00f4ng tin<\/strong>: \u0110\u1ea1i l\u00fd l\u1eef h\u00e0nh LARRY LDP TRAVEL cam k\u1ebft b\u1ea3o m\u1eadt tuy\u1ec7t \u0111\u1ed1i th\u00f4ng tin c\u00e1 nh\u00e2n c\u1ee7a kh\u00e1ch h\u00e0ng, kh\u00f4ng chia s\u1ebb v\u1edbi b\u00ean th\u1ee9 ba ngo\u1ea1i tr\u1eeb khi \u0111\u01b0\u1ee3c y\u00eau c\u1ea7u b\u1edfi ph\u00e1p lu\u1eadt.<\/li>\n<li><strong>M\u1ee5c \u0111\u00edch s\u1eed d\u1ee5ng th\u00f4ng tin<\/strong>: Th\u00f4ng tin thu th\u1eadp s\u1ebd \u0111\u01b0\u1ee3c s\u1eed d\u1ee5ng cho m\u1ee5c \u0111\u00edch ph\u1ee5c v\u1ee5 v\u00e0 n\u00e2ng cao tr\u1ea3i nghi\u1ec7m kh\u00e1ch h\u00e0ng, bao g\u1ed3m vi\u1ec7c cung c\u1ea5p th\u00f4ng tin s\u1ea3n ph\u1ea9m, d\u1ecbch v\u1ee5 m\u1edbi ho\u1eb7c c\u00e1c ch\u01b0\u01a1ng tr\u00ecnh khuy\u1ebfn m\u00e3i.<\/li>\n<\/ul>\n<ol start=\"3\">\n<li><strong> Ch\u00ednh s\u00e1ch thanh to\u00e1n<\/strong><\/li>\n<\/ol>\n<ul>\n<li><strong>H\u00ecnh th\u1ee9c thanh to\u00e1n<\/strong>: Kh\u00e1ch h\u00e0ng c\u00f3 th\u1ec3 thanh to\u00e1n qua nhi\u1ec1u ph\u01b0\u01a1ng th\u1ee9c nh\u01b0 th\u1ebb t\u00edn d\u1ee5ng, chuy\u1ec3n kho\u1ea3n, ho\u1eb7c thanh to\u00e1n tr\u1ef1c ti\u1ebfp. C\u00e1c ph\u01b0\u01a1ng th\u1ee9c thanh to\u00e1n \u0111\u1ec1u \u0111\u01b0\u1ee3c b\u1ea3o m\u1eadt \u0111\u1ec3 \u0111\u1ea3m b\u1ea3o an to\u00e0n cho kh\u00e1ch h\u00e0ng.<\/li>\n<li><strong>Ho\u00e0n ti\u1ec1n<\/strong>: Trong tr\u01b0\u1eddng h\u1ee3p kh\u00e1ch h\u00e0ng h\u1ee7y d\u1ecbch v\u1ee5, ch\u00ednh s\u00e1ch ho\u00e0n ti\u1ec1n s\u1ebd \u00e1p d\u1ee5ng t\u00f9y theo \u0111i\u1ec1u kho\u1ea3n c\u1ee7a t\u1eebng lo\u1ea1i d\u1ecbch v\u1ee5 ho\u1eb7c tour. C\u00e1c chi ti\u1ebft v\u1ec1 ho\u00e0n ti\u1ec1n s\u1ebd \u0111\u01b0\u1ee3c ghi r\u00f5 trong th\u00f4ng tin tour ho\u1eb7c d\u1ecbch v\u1ee5 m\u00e0 kh\u00e1ch h\u00e0ng \u0111\u00e3 \u0111\u0103ng k\u00fd.<\/li>\n<\/ul>\n<ol start=\"4\">\n<li><strong> Ch\u00ednh s\u00e1ch \u0111\u1eb7t tour v\u00e0 h\u1ee7y tour<\/strong><\/li>\n<\/ol>\n<ul>\n<li><strong>\u0110\u1eb7t tour<\/strong>: Kh\u00e1ch h\u00e0ng c\u1ea7n cung c\u1ea5p th\u00f4ng tin ch\u00ednh x\u00e1c khi \u0111\u1eb7t tour, bao g\u1ed3m c\u00e1c chi ti\u1ebft v\u1ec1 t\u00ean lo\u1ea1i tour, th\u1eddi gian, s\u1ed1 l\u01b0\u1ee3ng kh\u00e1ch, v\u00e0 y\u00eau c\u1ea7u \u0111\u1eb7c bi\u1ec7t (n\u1ebfu c\u00f3).<\/li>\n<li><strong>H\u1ee7y tour<\/strong>: Kh\u00e1ch h\u00e0ng c\u00f3 th\u1ec3 h\u1ee7y tour trong th\u1eddi h\u1ea1n quy \u0111\u1ecbnh. Tuy nhi\u00ean, m\u1ed9t s\u1ed1 tour c\u00f3 \u0111i\u1ec1u ki\u1ec7n h\u1ee7y \u0111\u1eb7c bi\u1ec7t, v\u00ec v\u1eady kh\u00e1ch h\u00e0ng n\u00ean tham kh\u1ea3o k\u1ef9 tr\u01b0\u1edbc khi \u0111\u0103ng k\u00fd. \u0110\u1ea1i l\u00fd l\u1eef h\u00e0nh LARRY LDP TRAVEL c\u00f3 quy\u1ec1n thu ph\u00ed h\u1ee7y t\u00f9y theo m\u1ee9c \u0111\u1ed9 ph\u00f9 h\u1ee3p v\u1edbi th\u1eddi gian h\u1ee7y v\u00e0 ch\u00ednh s\u00e1ch c\u1ee7a t\u1eebng tour.<\/li>\n<\/ul>\n<ol start=\"5\">\n<li><strong> Quy\u1ec1n v\u00e0 tr\u00e1ch nhi\u1ec7m c\u1ee7a \u0110\u1ea1i l\u00fd l\u1eef h\u00e0nh LARRY LDP TRAVEL<\/strong><\/li>\n<\/ol>\n<ul>\n<li><strong>Cung c\u1ea5p d\u1ecbch v\u1ee5 ch\u1ea5t l\u01b0\u1ee3ng<\/strong>: \u0110\u1ea1i l\u00fd l\u1eef h\u00e0nh LARRY LDP TRAVEL cam k\u1ebft cung c\u1ea5p c\u00e1c d\u1ecbch v\u1ee5 du l\u1ecbch v\u00e0 tour ch\u1ea5t l\u01b0\u1ee3ng cao. Tr\u01b0\u1eddng h\u1ee3p ph\u00e1t sinh v\u1ea5n \u0111\u1ec1, ch\u00fang t\u00f4i s\u1ebd n\u1ed7 l\u1ef1c h\u1ed7 tr\u1ee3 kh\u00e1ch h\u00e0ng t\u1ed1i \u0111a.<\/li>\n<li><strong>Quy\u1ec1n thay \u0111\u1ed5i n\u1ed9i dung<\/strong>: \u0110\u1ea1i l\u00fd l\u1eef h\u00e0nh LARRY LDP TRAVEL c\u00f3 quy\u1ec1n c\u1eadp nh\u1eadt, ch\u1ec9nh s\u1eeda c\u00e1c \u0111i\u1ec1u kho\u1ea3n v\u00e0 \u0111i\u1ec1u ki\u1ec7n s\u1eed d\u1ee5ng tr\u00ean website m\u00e0 kh\u00f4ng c\u1ea7n th\u00f4ng b\u00e1o tr\u01b0\u1edbc. Kh\u00e1ch h\u00e0ng c\u00f3 tr\u00e1ch nhi\u1ec7m ki\u1ec3m tra th\u01b0\u1eddng xuy\u00ean \u0111\u1ec3 n\u1eafm b\u1eaft c\u00e1c thay \u0111\u1ed5i m\u1edbi nh\u1ea5t.<\/li>\n<\/ul>\n<ol start=\"6\">\n<li><strong> Quy\u1ec1n v\u00e0 tr\u00e1ch nhi\u1ec7m c\u1ee7a kh\u00e1ch h\u00e0ng<\/strong><\/li>\n<\/ol>\n<ul>\n<li><strong>Ch\u1ecbu tr\u00e1ch nhi\u1ec7m th\u00f4ng tin cung c\u1ea5p<\/strong>: Kh\u00e1ch h\u00e0ng c\u1ea7n cung c\u1ea5p th\u00f4ng tin ch\u00ednh x\u00e1c, \u0111\u1ea7y \u0111\u1ee7 \u0111\u1ec3 c\u00f4ng ty c\u00f3 th\u1ec3 ph\u1ee5c v\u1ee5 hi\u1ec7u qu\u1ea3. Kh\u00e1ch h\u00e0ng s\u1ebd t\u1ef1 ch\u1ecbu tr\u00e1ch nhi\u1ec7m khi c\u00f3 s\u1ef1 c\u1ed1 do th\u00f4ng tin sai l\u1ec7ch ho\u1eb7c thi\u1ebfu s\u00f3t t\u1eeb ph\u00eda m\u00ecnh.<\/li>\n<li><strong>Ch\u1ea5p h\u00e0nh quy \u0111\u1ecbnh<\/strong>: Khi s\u1eed d\u1ee5ng d\u1ecbch v\u1ee5, kh\u00e1ch h\u00e0ng cam k\u1ebft tu\u00e2n th\u1ee7 c\u00e1c quy \u0111\u1ecbnh, \u0111i\u1ec1u kho\u1ea3n, v\u00e0 ch\u00ednh s\u00e1ch do \u0110\u1ea1i l\u00fd l\u1eef h\u00e0nh LARRY LDP TRAVEL \u0111\u01b0a ra.<\/li>\n<\/ul>\n<ol start=\"7\">\n<li><strong> Li\u00ean h\u1ec7 v\u00e0 khi\u1ebfu n\u1ea1i<\/strong><\/li>\n<\/ol>\n<ul>\n<li><strong>Th\u00f4ng tin li\u00ean h\u1ec7<\/strong>: \u0110\u1ec3 \u0111\u01b0\u1ee3c h\u1ed7 tr\u1ee3, kh\u00e1ch h\u00e0ng c\u00f3 th\u1ec3 li\u00ean h\u1ec7 qua email, hotline ho\u1eb7c v\u0103n ph\u00f2ng \u0111\u1ea1i di\u1ec7n c\u1ee7a \u0110\u1ea1i l\u00fd l\u1eef h\u00e0nh LARRY LDP TRAVEL. Th\u00f4ng tin li\u00ean h\u1ec7 chi ti\u1ebft s\u1ebd \u0111\u01b0\u1ee3c cung c\u1ea5p tr\u00ean trang web.<\/li>\n<li><strong>Quy tr\u00ecnh x\u1eed l\u00fd khi\u1ebfu n\u1ea1i<\/strong>: \u0110\u1ea1i l\u00fd l\u1eef h\u00e0nh LARRY LDP TRAVEL cam k\u1ebft x\u1eed l\u00fd m\u1ecdi khi\u1ebfu n\u1ea1i nhanh ch\u00f3ng v\u00e0 c\u00f4ng b\u1eb1ng. Kh\u00e1ch h\u00e0ng c\u00f3 th\u1ec3 g\u1eedi khi\u1ebfu n\u1ea1i qua email, g\u1ecdi tr\u1ef1c ti\u1ebfp ho\u1eb7c \u0111\u1ebfn tr\u1ee5 s\u1edf. Th\u1eddi gian ph\u1ea3n h\u1ed3i khi\u1ebfu n\u1ea1i trong v\u00f2ng 7 ng\u00e0y l\u00e0m vi\u1ec7c.<\/li>\n<\/ul>\n","protected":false},"excerpt":{"rendered":"<p>CH\u00cdNH S\u00c1CH V\u00c0 QUY \u0110\u1ecaNH S\u1eec D\u1ee4NG WEBSITE Trang web\u00a0exploringvn.com \u0111\u01b0\u1ee3c v\u1eadn h\u00e0nh b\u1edfi \u0110\u1ea1i l\u00fd l\u1eef h\u00e0nh LARRY LDP TRAVEL nh\u1eb1m cung c\u1ea5p th\u00f4ng tin v\u1ec1 c\u00e1c d\u1ecbch v\u1ee5 du l\u1ecbch, tour v\u00e0 c\u00e1c s\u1ea3n ph\u1ea9m li\u00ean quan. Khi truy c\u1eadp v\u00e0 s\u1eed d\u1ee5ng website, b\u1ea1n \u0111\u1ed3ng \u00fd tu\u00e2n th\u1ee7 c\u00e1c \u0111i\u1ec1u kho\u1ea3n v\u00e0 [&hellip;]<\/p>\n","protected":false},"author":1,"featured_media":0,"parent":0,"menu_order":0,"comment_status":"closed","ping_status":"closed","template":"","meta":{"footnotes":""},"class_list":["post-968","page","type-page","status-publish","hentry"],"acf":[],"yoast_head":"<!-- This site is optimized with the Yoast SEO plugin v23.9 - https:\/\/yoast.com\/wordpress\/plugins\/seo\/ -->\n<title>Ch\u00ednh s\u00e1ch quy \u0111\u1ecbnh - Exploring vietnam<\/title>\n<meta name=\"robots\" content=\"index, follow, max-snippet:-1, max-image-preview:large, max-video-preview:-1\" \/>\n<link rel=\"canonical\" href=\"https:\/\/exploringvn.com\/vi\/chinh-sach-quy-dinh\/\" \/>\n<meta property=\"og:locale\" content=\"vi_VN\" \/>\n<meta property=\"og:type\" content=\"article\" \/>\n<meta property=\"og:title\" content=\"Ch\u00ednh s\u00e1ch quy \u0111\u1ecbnh - Exploring vietnam\" \/>\n<meta property=\"og:description\" content=\"CH\u00cdNH S\u00c1CH V\u00c0 QUY \u0110\u1ecaNH S\u1eec D\u1ee4NG WEBSITE Trang web\u00a0exploringvn.com \u0111\u01b0\u1ee3c v\u1eadn h\u00e0nh b\u1edfi \u0110\u1ea1i l\u00fd l\u1eef h\u00e0nh LARRY LDP TRAVEL nh\u1eb1m cung c\u1ea5p th\u00f4ng tin v\u1ec1 c\u00e1c d\u1ecbch v\u1ee5 du l\u1ecbch, tour v\u00e0 c\u00e1c s\u1ea3n ph\u1ea9m li\u00ean quan. Khi truy c\u1eadp v\u00e0 s\u1eed d\u1ee5ng website, b\u1ea1n \u0111\u1ed3ng \u00fd tu\u00e2n th\u1ee7 c\u00e1c \u0111i\u1ec1u kho\u1ea3n v\u00e0 [&hellip;]\" \/>\n<meta property=\"og:url\" content=\"https:\/\/exploringvn.com\/vi\/chinh-sach-quy-dinh\/\" \/>\n<meta property=\"og:site_name\" content=\"Exploring vietnam\" \/>\n<meta property=\"article:modified_time\" content=\"2025-02-24T07:23:36+00:00\" \/>\n<meta name=\"twitter:card\" content=\"summary_large_image\" \/>\n<meta name=\"twitter:label1\" content=\"Est. reading time\" \/>\n\t<meta name=\"twitter:data1\" content=\"4 minutes\" \/>\n<script type=\"application\/ld+json\" class=\"yoast-schema-graph\">{\"@context\":\"https:\/\/schema.org\",\"@graph\":[{\"@type\":\"WebPage\",\"@id\":\"https:\/\/exploringvn.com\/vi\/chinh-sach-quy-dinh\/\",\"url\":\"https:\/\/exploringvn.com\/vi\/chinh-sach-quy-dinh\/\",\"name\":\"Ch\u00ednh s\u00e1ch quy \u0111\u1ecbnh - Exploring vietnam\",\"isPartOf\":{\"@id\":\"https:\/\/exploringvn.com\/#website\"},\"datePublished\":\"2024-11-27T08:54:13+00:00\",\"dateModified\":\"2025-02-24T07:23:36+00:00\",\"breadcrumb\":{\"@id\":\"https:\/\/exploringvn.com\/vi\/chinh-sach-quy-dinh\/#breadcrumb\"},\"inLanguage\":\"vi-VN\",\"potentialAction\":[{\"@type\":\"ReadAction\",\"target\":[\"https:\/\/exploringvn.com\/vi\/chinh-sach-quy-dinh\/\"]}]},{\"@type\":\"BreadcrumbList\",\"@id\":\"https:\/\/exploringvn.com\/vi\/chinh-sach-quy-dinh\/#breadcrumb\",\"itemListElement\":[{\"@type\":\"ListItem\",\"position\":1,\"name\":\"Home\",\"item\":\"https:\/\/exploringvn.com\/vi\/\"},{\"@type\":\"ListItem\",\"position\":2,\"name\":\"Ch\u00ednh s\u00e1ch quy \u0111\u1ecbnh\"}]},{\"@type\":\"WebSite\",\"@id\":\"https:\/\/exploringvn.com\/#website\",\"url\":\"https:\/\/exploringvn.com\/\",\"name\":\"Exploring vietnam\",\"description\":\"\",\"publisher\":{\"@id\":\"https:\/\/exploringvn.com\/#organization\"},\"potentialAction\":[{\"@type\":\"SearchAction\",\"target\":{\"@type\":\"EntryPoint\",\"urlTemplate\":\"https:\/\/exploringvn.com\/?s={search_term_string}\"},\"query-input\":{\"@type\":\"PropertyValueSpecification\",\"valueRequired\":true,\"valueName\":\"search_term_string\"}}],\"inLanguage\":\"vi-VN\"},{\"@type\":\"Organization\",\"@id\":\"https:\/\/exploringvn.com\/#organization\",\"name\":\"Exploring vietnam\",\"url\":\"https:\/\/exploringvn.com\/\",\"logo\":{\"@type\":\"ImageObject\",\"inLanguage\":\"vi-VN\",\"@id\":\"https:\/\/exploringvn.com\/#\/schema\/logo\/image\/\",\"url\":\"https:\/\/exploringvn.com\/wp-content\/uploads\/2024\/12\/z6106045117260_813bf0c8de20948a960521b45ac4f29c.jpg\",\"contentUrl\":\"https:\/\/exploringvn.com\/wp-content\/uploads\/2024\/12\/z6106045117260_813bf0c8de20948a960521b45ac4f29c.jpg\",\"width\":367,\"height\":228,\"caption\":\"Exploring vietnam\"},\"image\":{\"@id\":\"https:\/\/exploringvn.com\/#\/schema\/logo\/image\/\"}}]}<\/script>\n<!-- \/ Yoast SEO plugin. -->","yoast_head_json":{"title":"Ch\u00ednh s\u00e1ch quy \u0111\u1ecbnh - Exploring vietnam","robots":{"index":"index","follow":"follow","max-snippet":"max-snippet:-1","max-image-preview":"max-image-preview:large","max-video-preview":"max-video-preview:-1"},"canonical":"https:\/\/exploringvn.com\/vi\/chinh-sach-quy-dinh\/","og_locale":"vi_VN","og_type":"article","og_title":"Ch\u00ednh s\u00e1ch quy \u0111\u1ecbnh - Exploring vietnam","og_description":"CH\u00cdNH S\u00c1CH V\u00c0 QUY \u0110\u1ecaNH S\u1eec D\u1ee4NG WEBSITE Trang web\u00a0exploringvn.com \u0111\u01b0\u1ee3c v\u1eadn h\u00e0nh b\u1edfi \u0110\u1ea1i l\u00fd l\u1eef h\u00e0nh LARRY LDP TRAVEL nh\u1eb1m cung c\u1ea5p th\u00f4ng tin v\u1ec1 c\u00e1c d\u1ecbch v\u1ee5 du l\u1ecbch, tour v\u00e0 c\u00e1c s\u1ea3n ph\u1ea9m li\u00ean quan. Khi truy c\u1eadp v\u00e0 s\u1eed d\u1ee5ng website, b\u1ea1n \u0111\u1ed3ng \u00fd tu\u00e2n th\u1ee7 c\u00e1c \u0111i\u1ec1u kho\u1ea3n v\u00e0 [&hellip;]","og_url":"https:\/\/exploringvn.com\/vi\/chinh-sach-quy-dinh\/","og_site_name":"Exploring vietnam","article_modified_time":"2025-02-24T07:23:36+00:00","twitter_card":"summary_large_image","twitter_misc":{"Est. reading time":"4 minutes"},"schema":{"@context":"https:\/\/schema.org","@graph":[{"@type":"WebPage","@id":"https:\/\/exploringvn.com\/vi\/chinh-sach-quy-dinh\/","url":"https:\/\/exploringvn.com\/vi\/chinh-sach-quy-dinh\/","name":"Ch\u00ednh s\u00e1ch quy \u0111\u1ecbnh - Exploring vietnam","isPartOf":{"@id":"https:\/\/exploringvn.com\/#website"},"datePublished":"2024-11-27T08:54:13+00:00","dateModified":"2025-02-24T07:23:36+00:00","breadcrumb":{"@id":"https:\/\/exploringvn.com\/vi\/chinh-sach-quy-dinh\/#breadcrumb"},"inLanguage":"vi-VN","potentialAction":[{"@type":"ReadAction","target":["https:\/\/exploringvn.com\/vi\/chinh-sach-quy-dinh\/"]}]},{"@type":"BreadcrumbList","@id":"https:\/\/exploringvn.com\/vi\/chinh-sach-quy-dinh\/#breadcrumb","itemListElement":[{"@type":"ListItem","position":1,"name":"Home","item":"https:\/\/exploringvn.com\/vi\/"},{"@type":"ListItem","position":2,"name":"Ch\u00ednh s\u00e1ch quy \u0111\u1ecbnh"}]},{"@type":"WebSite","@id":"https:\/\/exploringvn.com\/#website","url":"https:\/\/exploringvn.com\/","name":"Exploring vietnam","description":"","publisher":{"@id":"https:\/\/exploringvn.com\/#organization"},"potentialAction":[{"@type":"SearchAction","target":{"@type":"EntryPoint","urlTemplate":"https:\/\/exploringvn.com\/?s={search_term_string}"},"query-input":{"@type":"PropertyValueSpecification","valueRequired":true,"valueName":"search_term_string"}}],"inLanguage":"vi-VN"},{"@type":"Organization","@id":"https:\/\/exploringvn.com\/#organization","name":"Exploring vietnam","url":"https:\/\/exploringvn.com\/","logo":{"@type":"ImageObject","inLanguage":"vi-VN","@id":"https:\/\/exploringvn.com\/#\/schema\/logo\/image\/","url":"https:\/\/exploringvn.com\/wp-content\/uploads\/2024\/12\/z6106045117260_813bf0c8de20948a960521b45ac4f29c.jpg","contentUrl":"https:\/\/exploringvn.com\/wp-content\/uploads\/2024\/12\/z6106045117260_813bf0c8de20948a960521b45ac4f29c.jpg","width":367,"height":228,"caption":"Exploring vietnam"},"image":{"@id":"https:\/\/exploringvn.com\/#\/schema\/logo\/image\/"}}]}},"_links":{"self":[{"href":"https:\/\/exploringvn.com\/vi\/wp-json\/wp\/v2\/pages\/968","targetHints":{"allow":["GET"]}}],"collection":[{"href":"https:\/\/exploringvn.com\/vi\/wp-json\/wp\/v2\/pages"}],"about":[{"href":"https:\/\/exploringvn.com\/vi\/wp-json\/wp\/v2\/types\/page"}],"author":[{"embeddable":true,"href":"https:\/\/exploringvn.com\/vi\/wp-json\/wp\/v2\/users\/1"}],"replies":[{"embeddable":true,"href":"https:\/\/exploringvn.com\/vi\/wp-json\/wp\/v2\/comments?post=968"}],"version-history":[{"count":5,"href":"https:\/\/exploringvn.com\/vi\/wp-json\/wp\/v2\/pages\/968\/revisions"}],"predecessor-version":[{"id":1584,"href":"https:\/\/exploringvn.com\/vi\/wp-json\/wp\/v2\/pages\/968\/revisions\/1584"}],"wp:attachment":[{"href":"https:\/\/exploringvn.com\/vi\/wp-json\/wp\/v2\/media?parent=968"}],"curies":[{"name":"wp","href":"https:\/\/api.w.org\/{rel}","templated":true}]}}